{"id":3681,"date":"2021-12-15T14:35:05","date_gmt":"2021-12-15T13:35:05","guid":{"rendered":"https:\/\/ibo-group.pruebasweb.com.es\/desenvolvimento-de-veiculo-e-componente\/ingenieria-y-desarrollo-de-componentes\/"},"modified":"2023-06-23T10:38:31","modified_gmt":"2023-06-23T08:38:31","slug":"engenharia-e-desenvolvimento-de-componentes","status":"publish","type":"page","link":"https:\/\/ibo-group.com\/pt-br\/desenvolvimento-de-veiculo-e-componente\/engenharia-e-desenvolvimento-de-componentes\/","title":{"rendered":"Engenharia e desenvolvimento de componentes"},"content":{"rendered":"<p><div class=\"fusion-fullwidth fullwidth-box fusion-builder-row-1 fusion-flex-container video-background hundred-percent-fullwidth non-hundred-percent-height-scrolling\" style=\"--awb-border-color:var(--awb-color1);--awb-border-radius-top-left:0px;--awb-border-radius-top-right:0px;--awb-border-radius-bottom-right:0px;--awb-border-radius-bottom-left:0px;--awb-padding-top:0vw;--awb-padding-right:0px;--awb-padding-bottom:0px;--awb-padding-left:0px;--awb-padding-right-small:10px;--awb-padding-left-small:10px;--awb-margin-top:-140px;--awb-margin-bottom:40px;--awb-margin-top-small:0px;--awb-min-height:100vh;--awb-min-height-small:29vh;--awb-flex-wrap:wrap;--awb-box-shadow:0px -7px 12px 0px var(--awb-color8);\" ><div class=\"fullwidth-video\"><video preload=\"auto\" autoplay playsinline loop muted><source src=\"\/videos\/ING_VIDEO_1.mp4\" type=\"video\/mp4\"><\/video><\/div><div class=\"fusion-builder-row fusion-row fusion-flex-align-items-flex-end fusion-flex-align-content-flex-end fusion-flex-justify-content-space-between fusion-flex-content-wrap\" style=\"width:104% !important;max-width:104% !important;margin-left: calc(-4% \/ 2 );margin-right: calc(-4% \/ 2 );\"><div class=\"fusion-layout-column fusion_builder_column fusion-builder-column-0 fusion_builder_column_1_1 1_1 fusion-flex-column fusion-flex-align-self-center fusion-animated\" style=\"--awb-padding-top:0%;--awb-padding-bottom:0px;--awb-padding-right-small:0px;--awb-padding-left-small:0px;--awb-bg-size:cover;--awb-width-large:100%;--awb-margin-top-large:0px;--awb-spacing-right-large:1.92%;--awb-margin-bottom-large:0px;--awb-spacing-left-large:1.92%;--awb-width-medium:100%;--awb-order-medium:0;--awb-spacing-right-medium:1.92%;--awb-spacing-left-medium:1.92%;--awb-width-small:100%;--awb-order-small:0;--awb-spacing-right-small:0px;--awb-margin-bottom-small:0px;--awb-spacing-left-small:0px;\" data-animationType=\"fadeInUp\" data-animationDuration=\"0.8\" data-animationOffset=\"top-into-view\"><div class=\"fusion-column-wrapper fusion-column-has-shadow fusion-flex-justify-content-center fusion-content-layout-column\"><\/div><\/div><div class=\"fusion-layout-column fusion_builder_column fusion-builder-column-1 fusion_builder_column_1_2 1_2 fusion-flex-column migapan\" style=\"--awb-padding-left:4%;--awb-overflow:hidden;--awb-bg-color:var(--awb-color7);--awb-bg-color-hover:var(--awb-color7);--awb-bg-size:cover;--awb-border-color:rgba(0,0,0,0.1);--awb-border-style:solid;--awb-border-radius:0px 50px 0px 0px;--awb-width-large:50%;--awb-margin-top-large:0px;--awb-spacing-right-large:15px;--awb-margin-bottom-large:0px;--awb-spacing-left-large:15px;--awb-width-medium:50%;--awb-order-medium:0;--awb-spacing-right-medium:15px;--awb-spacing-left-medium:15px;--awb-width-small:100%;--awb-order-small:0;--awb-spacing-right-small:1.92%;--awb-spacing-left-small:1.92%;\"><div class=\"fusion-column-wrapper fusion-column-has-shadow fusion-flex-justify-content-flex-end fusion-content-layout-column\"><nav class=\"fusion-breadcrumbs awb-yoast-breadcrumbs fusion-breadcrumbs-1 breadcrumbsmovil\" style=\"--awb-alignment:left;--awb-text-hover-color:var(--awb-color4);--awb-text-color:var(--awb-color1);--awb-breadcrumb-sep:&#039;\u2192&#039;;text-align:left;\" aria-label=\"Breadcrumb\"><ol class=\"awb-breadcrumb-list\"><li class=\"fusion-breadcrumb-item awb-breadcrumb-sep awb-home\" ><a href=\"https:\/\/ibo-group.com\/pt-br\/\" class=\"fusion-breadcrumb-link\"><span >Home<\/span><\/a><\/li><\/ol><\/nav><\/div><\/div><\/div><\/div><div class=\"fusion-fullwidth fullwidth-box fusion-builder-row-2 fusion-flex-container nonhundred-percent-fullwidth non-hundred-percent-height-scrolling\" style=\"--awb-background-position:left center;--awb-border-sizes-top:0px;--awb-border-sizes-bottom:0px;--awb-border-sizes-left:0px;--awb-border-sizes-right:0px;--awb-border-radius-top-left:0px;--awb-border-radius-top-right:0px;--awb-border-radius-bottom-right:0px;--awb-border-radius-bottom-left:0px;--awb-padding-top:4%;--awb-padding-bottom:4%;--awb-padding-bottom-medium:62px;--awb-padding-top-small:1%;--awb-flex-wrap:wrap;\" ><div class=\"fusion-builder-row fusion-row fusion-flex-align-items-flex-end fusion-flex-justify-content-center fusion-flex-content-wrap\" style=\"max-width:1331.2px;margin-left: calc(-4% \/ 2 );margin-right: calc(-4% \/ 2 );\"><div class=\"fusion-layout-column fusion_builder_column fusion-builder-column-2 fusion_builder_column_2_3 2_3 fusion-flex-column\" style=\"--awb-bg-size:cover;--awb-width-large:66.666666666667%;--awb-margin-top-large:0px;--awb-spacing-right-large:3.84%;--awb-margin-bottom-large:20px;--awb-spacing-left-large:2.88%;--awb-width-medium:66.666666666667%;--awb-order-medium:0;--awb-spacing-right-medium:3.84%;--awb-spacing-left-medium:2.88%;--awb-width-small:100%;--awb-order-small:0;--awb-spacing-right-small:2.56%;--awb-spacing-left-small:1.92%;\"><div class=\"fusion-column-wrapper fusion-column-has-shadow fusion-flex-justify-content-flex-start fusion-content-layout-column\"><div class=\"fusion-title title fusion-title-1 fusion-sep-none fusion-title-text fusion-title-size-two\" style=\"--awb-margin-bottom:30px;--awb-margin-top-small:10px;--awb-margin-right-small:0px;--awb-margin-bottom-small:10px;--awb-margin-left-small:0px;\"><h2 class=\"fusion-title-heading title-heading-left\" style=\"margin:0;text-transform:uppercase;\">Engenharia. Desenvolvimento de componentes<\/h2><\/div><div class=\"fusion-title title fusion-title-2 fusion-sep-none fusion-title-text fusion-title-size-div fusion-animated\" style=\"--awb-margin-bottom:10px;--awb-margin-top-small:10px;--awb-margin-right-small:0px;--awb-margin-bottom-small:10px;--awb-margin-left-small:0px;--awb-font-size:18px;\" data-animationType=\"fadeInLeft\" data-animationDuration=\"1.7\" data-animationOffset=\"bottom-in-view\"><div class=\"fusion-title-heading title-heading-left title-heading-tag\" style=\"margin:0;text-transform:uppercase;font-size:1em;\">#FEASIBILITY #CATIA<\/div><\/div><div class=\"fusion-separator fusion-full-width-sep\" style=\"align-self: center;margin-left: auto;margin-right: auto;margin-top:10px;margin-bottom:10px;width:100%;\"><div class=\"fusion-separator-border sep-single sep-solid\" style=\"--awb-height:20px;--awb-amount:20px;--awb-sep-color:#161f29;border-color:#161f29;border-top-width:1px;\"><\/div><\/div><div class=\"fusion-title title fusion-title-3 fusion-sep-none fusion-title-text fusion-title-size-div\" style=\"--awb-margin-bottom:10px;--awb-margin-top-small:10px;--awb-margin-right-small:0px;--awb-margin-bottom-small:10px;--awb-margin-left-small:0px;--awb-font-size:30px;\"><div class=\"fusion-title-heading title-heading-left title-heading-tag\" style=\"margin:0;font-size:1em;line-height:1.2;\"><span id=\"E1564\">Oferece solu\u00e7\u00f5es de <\/span><span id=\"E1565\">engenharia automotiva<\/span><\/div><\/div><div class=\"fusion-separator fusion-full-width-sep\" style=\"align-self: center;margin-left: auto;margin-right: auto;margin-top:10px;margin-bottom:30px;width:100%;\"><div class=\"fusion-separator-border sep-single sep-solid\" style=\"--awb-height:20px;--awb-amount:20px;--awb-sep-color:#161f29;border-color:#161f29;border-top-width:1px;\"><\/div><\/div><div class=\"fusion-text fusion-text-1\" style=\"--awb-content-alignment:justify;--awb-text-transform:none;\"><p><span id=\"E1568\">Oferecemos solu\u00e7\u00f5es e servi\u00e7os nos diferentes processos de desenvolvimento dentro do <\/span><span id=\"E1569\">setor automotivo<\/span><span id=\"E1570\">.<\/span><\/p>\n<p><span id=\"E1573\">Somos especialistas no desenvolvimento completo de acabamentos externos (<\/span><span id=\"E1575\">p\u00e1ra-choques<\/span><span id=\"E1577\">, spoilers, peitoris&#8230;) e internos (pain\u00e9is, <\/span><span id=\"E1578\">consol<\/span><span id=\"E1579\">e<\/span><span id=\"E1580\">s<\/span><span id=\"E1581\">, portas, revestimentos&#8230;), bem como no desenvolvimento de <\/span><span id=\"E1583\">carro\u00e7<\/span><span id=\"E1584\">e<\/span><span id=\"E1585\">rias<\/span><span id=\"E1587\"> <\/span><span id=\"E1588\">e componentes met\u00e1licos para o sector <\/span><span id=\"E1589\">autom<\/span><span id=\"E1590\">otivo<\/span><span id=\"E1591\">.<\/span><\/p>\n<p><span id=\"E1594\">Temos uma vasta experi\u00eancia na realiza\u00e7\u00e3o de an\u00e1lises de produtos e estudos de viabilidade at\u00e9 o seu completo desenvolvimento em 3D, fornecendo solu\u00e7\u00f5es t\u00e9cnicas e monitorizando o produto at\u00e9 \u00e0 sua industrializa\u00e7\u00e3o. Para este fim, temos uma grande <\/span><span id=\"E1595\">equip<\/span><span id=\"E1596\">e<\/span><span id=\"E1597\"> <\/span><span id=\"E1598\">de engenheiros: <\/span><span id=\"E1599\">Ge<\/span><span id=\"E1601\">rentes<\/span><span id=\"E1602\"> <\/span><span id=\"E1603\">de <\/span><span id=\"E1604\">p<\/span><span id=\"E1605\">rojeto<\/span><span id=\"E1606\">s, Engenheiros de <\/span><span id=\"E1607\">p<\/span><span id=\"E1608\">rodutos<\/span><span id=\"E1609\">, Engenheiros de <\/span><span id=\"E1610\">p<\/span><span id=\"E1611\">rocessos<\/span><span id=\"E1612\">, Engenheiros de <\/span><span id=\"E1613\">v<\/span><span id=\"E1614\">e\u00edculos <\/span><span id=\"E1615\">c<\/span><span id=\"E1616\">ompletos<\/span><span id=\"E1617\">, Engenheiros de <\/span><span id=\"E1618\">e<\/span><span id=\"E1619\">mbalagens<\/span><span id=\"E1620\">, entre outros.<\/span><\/p>\n<\/div><\/div><\/div><div class=\"fusion-layout-column fusion_builder_column fusion-builder-column-3 fusion_builder_column_1_1 1_1 fusion-flex-column\" style=\"--awb-bg-size:cover;--awb-width-large:100%;--awb-margin-top-large:0px;--awb-spacing-right-large:1.92%;--awb-margin-bottom-large:20px;--awb-spacing-left-large:1.92%;--awb-width-medium:100%;--awb-order-medium:0;--awb-spacing-right-medium:1.92%;--awb-spacing-left-medium:1.92%;--awb-width-small:100%;--awb-order-small:0;--awb-spacing-right-small:1.92%;--awb-spacing-left-small:1.92%;\"><div class=\"fusion-column-wrapper fusion-column-has-shadow fusion-flex-justify-content-flex-start fusion-content-layout-column\"><div class=\"fusion-image-carousel fusion-image-carousel-auto fusion-image-carousel-1 fusion-carousel-border\"><div class=\"awb-carousel awb-swiper awb-swiper-carousel awb-carousel--carousel awb-swiper-dots-position-bottom\" data-layout=\"carousel\" data-autoplay=\"yes\" data-autoplayspeed=\"2500\" data-autoplaypause=\"no\" data-columns=\"1\" data-columnsmedium=\"1\" data-columnssmall=\"1\" data-itemmargin=\"10\" data-itemwidth=\"180\" data-touchscroll=\"drag\" data-freemode=\"no\" data-imagesize=\"auto\" data-scrollitems=\"0\" data-centeredslides=\"no\" data-rotationangle=\"50\" data-depth=\"100\" data-speed=\"500\" data-shadow=\"no\" data-pagination=\"bullets\" style=\"--awb-columns:1;--awb-column-spacing:10px;--awb-border-width:1px;--awb-border-color:#e9eaee;\"><div class=\"swiper-wrapper awb-image-carousel-wrapper fusion-flex-align-items-center\"><div class=\"swiper-slide\"><div class=\"fusion-carousel-item-wrapper\"><div class=\"fusion-image-wrapper hover-type-none\"><img decoding=\"async\" width=\"1600\" height=\"900\" src=\"https:\/\/ibo-group.com\/wp-content\/uploads\/development-body-2023.webp\" class=\"attachment-full size-full\" alt=\"\" srcset=\"https:\/\/ibo-group.com\/wp-content\/uploads\/development-body-2023-200x113.webp 200w, https:\/\/ibo-group.com\/wp-content\/uploads\/development-body-2023-300x169.webp 300w, https:\/\/ibo-group.com\/wp-content\/uploads\/development-body-2023-400x225.webp 400w, https:\/\/ibo-group.com\/wp-content\/uploads\/development-body-2023-600x338.webp 600w, https:\/\/ibo-group.com\/wp-content\/uploads\/development-body-2023-768x432.webp 768w, https:\/\/ibo-group.com\/wp-content\/uploads\/development-body-2023-800x450.webp 800w, https:\/\/ibo-group.com\/wp-content\/uploads\/development-body-2023-1024x576.webp 1024w, https:\/\/ibo-group.com\/wp-content\/uploads\/development-body-2023-1200x675.webp 1200w, https:\/\/ibo-group.com\/wp-content\/uploads\/development-body-2023-1536x864.webp 1536w, https:\/\/ibo-group.com\/wp-content\/uploads\/development-body-2023.webp 1600w\" sizes=\"(max-width: 1600px) 100vw, 1600px\" \/><\/div><\/div><\/div><div class=\"swiper-slide\"><div class=\"fusion-carousel-item-wrapper\"><div class=\"fusion-image-wrapper hover-type-none\"><img decoding=\"async\" width=\"1600\" height=\"900\" src=\"https:\/\/ibo-group.com\/wp-content\/uploads\/development-exterior-interior-2023.webp\" class=\"attachment-full size-full\" alt=\"\" srcset=\"https:\/\/ibo-group.com\/wp-content\/uploads\/development-exterior-interior-2023-200x113.webp 200w, https:\/\/ibo-group.com\/wp-content\/uploads\/development-exterior-interior-2023-300x169.webp 300w, https:\/\/ibo-group.com\/wp-content\/uploads\/development-exterior-interior-2023-400x225.webp 400w, https:\/\/ibo-group.com\/wp-content\/uploads\/development-exterior-interior-2023-600x338.webp 600w, https:\/\/ibo-group.com\/wp-content\/uploads\/development-exterior-interior-2023-768x432.webp 768w, https:\/\/ibo-group.com\/wp-content\/uploads\/development-exterior-interior-2023-800x450.webp 800w, https:\/\/ibo-group.com\/wp-content\/uploads\/development-exterior-interior-2023-1024x576.webp 1024w, https:\/\/ibo-group.com\/wp-content\/uploads\/development-exterior-interior-2023-1200x675.webp 1200w, https:\/\/ibo-group.com\/wp-content\/uploads\/development-exterior-interior-2023-1536x864.webp 1536w, https:\/\/ibo-group.com\/wp-content\/uploads\/development-exterior-interior-2023.webp 1600w\" sizes=\"(max-width: 1600px) 100vw, 1600px\" \/><\/div><\/div><\/div><div class=\"swiper-slide\"><div class=\"fusion-carousel-item-wrapper\"><div class=\"fusion-image-wrapper hover-type-none\"><img decoding=\"async\" width=\"1600\" height=\"900\" src=\"https:\/\/ibo-group.com\/wp-content\/uploads\/package-concepts.webp\" class=\"attachment-full size-full\" alt=\"\" srcset=\"https:\/\/ibo-group.com\/wp-content\/uploads\/package-concepts-200x113.webp 200w, https:\/\/ibo-group.com\/wp-content\/uploads\/package-concepts-300x169.webp 300w, https:\/\/ibo-group.com\/wp-content\/uploads\/package-concepts-400x225.webp 400w, https:\/\/ibo-group.com\/wp-content\/uploads\/package-concepts-600x338.webp 600w, https:\/\/ibo-group.com\/wp-content\/uploads\/package-concepts-768x432.webp 768w, https:\/\/ibo-group.com\/wp-content\/uploads\/package-concepts-800x450.webp 800w, https:\/\/ibo-group.com\/wp-content\/uploads\/package-concepts-1024x576.webp 1024w, https:\/\/ibo-group.com\/wp-content\/uploads\/package-concepts-1200x675.webp 1200w, https:\/\/ibo-group.com\/wp-content\/uploads\/package-concepts-1536x864.webp 1536w, https:\/\/ibo-group.com\/wp-content\/uploads\/package-concepts.webp 1600w\" sizes=\"(max-width: 1600px) 100vw, 1600px\" \/><\/div><\/div><\/div><div class=\"swiper-slide\"><div class=\"fusion-carousel-item-wrapper\"><div class=\"fusion-image-wrapper hover-type-none\"><img decoding=\"async\" width=\"1600\" height=\"900\" src=\"https:\/\/ibo-group.com\/wp-content\/uploads\/dmu-pdm-technical-documentation.webp\" class=\"attachment-full size-full\" alt=\"\" srcset=\"https:\/\/ibo-group.com\/wp-content\/uploads\/dmu-pdm-technical-documentation-200x113.webp 200w, https:\/\/ibo-group.com\/wp-content\/uploads\/dmu-pdm-technical-documentation-300x169.webp 300w, https:\/\/ibo-group.com\/wp-content\/uploads\/dmu-pdm-technical-documentation-400x225.webp 400w, https:\/\/ibo-group.com\/wp-content\/uploads\/dmu-pdm-technical-documentation-600x338.webp 600w, https:\/\/ibo-group.com\/wp-content\/uploads\/dmu-pdm-technical-documentation-768x432.webp 768w, https:\/\/ibo-group.com\/wp-content\/uploads\/dmu-pdm-technical-documentation-800x450.webp 800w, https:\/\/ibo-group.com\/wp-content\/uploads\/dmu-pdm-technical-documentation-1024x576.webp 1024w, https:\/\/ibo-group.com\/wp-content\/uploads\/dmu-pdm-technical-documentation-1200x675.webp 1200w, https:\/\/ibo-group.com\/wp-content\/uploads\/dmu-pdm-technical-documentation-1536x864.webp 1536w, https:\/\/ibo-group.com\/wp-content\/uploads\/dmu-pdm-technical-documentation.webp 1600w\" sizes=\"(max-width: 1600px) 100vw, 1600px\" \/><\/div><\/div><\/div><div class=\"swiper-slide\"><div class=\"fusion-carousel-item-wrapper\"><div class=\"fusion-image-wrapper hover-type-none\"><img decoding=\"async\" width=\"1600\" height=\"900\" src=\"https:\/\/ibo-group.com\/wp-content\/uploads\/project-management.webp\" class=\"attachment-full size-full\" alt=\"\" srcset=\"https:\/\/ibo-group.com\/wp-content\/uploads\/project-management-200x113.webp 200w, https:\/\/ibo-group.com\/wp-content\/uploads\/project-management-300x169.webp 300w, https:\/\/ibo-group.com\/wp-content\/uploads\/project-management-400x225.webp 400w, https:\/\/ibo-group.com\/wp-content\/uploads\/project-management-600x338.webp 600w, https:\/\/ibo-group.com\/wp-content\/uploads\/project-management-768x432.webp 768w, https:\/\/ibo-group.com\/wp-content\/uploads\/project-management-800x450.webp 800w, https:\/\/ibo-group.com\/wp-content\/uploads\/project-management-1024x576.webp 1024w, https:\/\/ibo-group.com\/wp-content\/uploads\/project-management-1200x675.webp 1200w, https:\/\/ibo-group.com\/wp-content\/uploads\/project-management-1536x864.webp 1536w, https:\/\/ibo-group.com\/wp-content\/uploads\/project-management.webp 1600w\" sizes=\"(max-width: 1600px) 100vw, 1600px\" \/><\/div><\/div><\/div><\/div><div class=\"awb-swiper-button awb-swiper-button-prev\"><i class=\"awb-icon-angle-left\" aria-hidden=\"true\"><\/i><\/div><div class=\"awb-swiper-button awb-swiper-button-next\"><i class=\"awb-icon-angle-right\" aria-hidden=\"true\"><\/i><\/div><\/div><\/div><\/div><\/div><\/div><\/div><\/p>\n","protected":false},"excerpt":{"rendered":"","protected":false},"author":1,"featured_media":0,"parent":3627,"menu_order":0,"comment_status":"closed","ping_status":"closed","template":"100-width.php","meta":{"footnotes":""},"class_list":["post-3681","page","type-page","status-publish","hentry"],"yoast_head":"<!-- This site is optimized with the Yoast SEO plugin v27.3 - https:\/\/yoast.com\/product\/yoast-seo-wordpress\/ -->\n<title>Engenharia e desenvolvimento de componentes automotivos | IBO Group<\/title>\n<meta name=\"description\" content=\"O departamento de engenharia e desenvolvimento de componentes oferece solu\u00e7\u00f5es e servi\u00e7os nos diferentes processos de desenvolvimento do setor automotivo.\" \/>\n<meta name=\"robots\" content=\"index, follow, max-snippet:-1, max-image-preview:large, max-video-preview:-1\" \/>\n<link rel=\"canonical\" href=\"https:\/\/ibo-group.com\/pt-br\/desenvolvimento-de-veiculo-e-componente\/engenharia-e-desenvolvimento-de-componentes\/\" \/>\n<meta property=\"og:locale\" content=\"pt_BR\" \/>\n<meta property=\"og:type\" content=\"article\" \/>\n<meta property=\"og:title\" content=\"Engenharia e desenvolvimento de componentes automotivos | IBO Group\" \/>\n<meta property=\"og:description\" content=\"O departamento de engenharia e desenvolvimento de componentes oferece solu\u00e7\u00f5es e servi\u00e7os nos diferentes processos de desenvolvimento do setor automotivo.\" \/>\n<meta property=\"og:url\" content=\"https:\/\/ibo-group.com\/pt-br\/desenvolvimento-de-veiculo-e-componente\/engenharia-e-desenvolvimento-de-componentes\/\" \/>\n<meta property=\"og:site_name\" content=\"Ibo Group - Ingenier\u00eda y dise\u00f1o para automoci\u00f3n\" \/>\n<meta property=\"article:modified_time\" content=\"2023-06-23T08:38:31+00:00\" \/>\n<meta name=\"twitter:card\" content=\"summary_large_image\" \/>\n<meta name=\"twitter:label1\" content=\"Est. tempo de leitura\" \/>\n\t<meta name=\"twitter:data1\" content=\"6 minutos\" \/>\n<script type=\"application\/ld+json\" class=\"yoast-schema-graph\">{\"@context\":\"https:\\\/\\\/schema.org\",\"@graph\":[{\"@type\":\"WebPage\",\"@id\":\"https:\\\/\\\/ibo-group.com\\\/pt-br\\\/desenvolvimento-de-veiculo-e-componente\\\/engenharia-e-desenvolvimento-de-componentes\\\/\",\"url\":\"https:\\\/\\\/ibo-group.com\\\/pt-br\\\/desenvolvimento-de-veiculo-e-componente\\\/engenharia-e-desenvolvimento-de-componentes\\\/\",\"name\":\"Engenharia e desenvolvimento de componentes automotivos | IBO Group\",\"isPartOf\":{\"@id\":\"https:\\\/\\\/ibo-group.com\\\/pt-br\\\/#website\"},\"datePublished\":\"2021-12-15T13:35:05+00:00\",\"dateModified\":\"2023-06-23T08:38:31+00:00\",\"description\":\"O departamento de engenharia e desenvolvimento de componentes oferece solu\u00e7\u00f5es e servi\u00e7os nos diferentes processos de desenvolvimento do setor automotivo.\",\"breadcrumb\":{\"@id\":\"https:\\\/\\\/ibo-group.com\\\/pt-br\\\/desenvolvimento-de-veiculo-e-componente\\\/engenharia-e-desenvolvimento-de-componentes\\\/#breadcrumb\"},\"inLanguage\":\"pt-BR\",\"potentialAction\":[{\"@type\":\"ReadAction\",\"target\":[\"https:\\\/\\\/ibo-group.com\\\/pt-br\\\/desenvolvimento-de-veiculo-e-componente\\\/engenharia-e-desenvolvimento-de-componentes\\\/\"]}]},{\"@type\":\"BreadcrumbList\",\"@id\":\"https:\\\/\\\/ibo-group.com\\\/pt-br\\\/desenvolvimento-de-veiculo-e-componente\\\/engenharia-e-desenvolvimento-de-componentes\\\/#breadcrumb\",\"itemListElement\":[{\"@type\":\"ListItem\",\"position\":1,\"name\":\"Home\",\"item\":\"https:\\\/\\\/ibo-group.com\\\/pt-br\\\/\"},{\"@type\":\"ListItem\",\"position\":2,\"name\":\"Servi\u00e7os\",\"item\":\"https:\\\/\\\/ibo-group.com\\\/pt-br\\\/desenvolvimento-de-veiculo-e-componente\\\/\"},{\"@type\":\"ListItem\",\"position\":3,\"name\":\"Engenharia e desenvolvimento de componentes\"}]},{\"@type\":\"WebSite\",\"@id\":\"https:\\\/\\\/ibo-group.com\\\/pt-br\\\/#website\",\"url\":\"https:\\\/\\\/ibo-group.com\\\/pt-br\\\/\",\"name\":\"Ibo Group - Ingenier\u00eda y dise\u00f1o para automoci\u00f3n\",\"description\":\"Oficina de ingenier\u00eda. Dise\u00f1o, investigaci\u00f3n y desarrollo de componentes; especializados en el sector de la automoci\u00f3n.\",\"potentialAction\":[{\"@type\":\"SearchAction\",\"target\":{\"@type\":\"EntryPoint\",\"urlTemplate\":\"https:\\\/\\\/ibo-group.com\\\/pt-br\\\/?s={search_term_string}\"},\"query-input\":{\"@type\":\"PropertyValueSpecification\",\"valueRequired\":true,\"valueName\":\"search_term_string\"}}],\"inLanguage\":\"pt-BR\"}]}<\/script>\n<!-- \/ Yoast SEO plugin. -->","yoast_head_json":{"title":"Engenharia e desenvolvimento de componentes automotivos | IBO Group","description":"O departamento de engenharia e desenvolvimento de componentes oferece solu\u00e7\u00f5es e servi\u00e7os nos diferentes processos de desenvolvimento do setor automotivo.","robots":{"index":"index","follow":"follow","max-snippet":"max-snippet:-1","max-image-preview":"max-image-preview:large","max-video-preview":"max-video-preview:-1"},"canonical":"https:\/\/ibo-group.com\/pt-br\/desenvolvimento-de-veiculo-e-componente\/engenharia-e-desenvolvimento-de-componentes\/","og_locale":"pt_BR","og_type":"article","og_title":"Engenharia e desenvolvimento de componentes automotivos | IBO Group","og_description":"O departamento de engenharia e desenvolvimento de componentes oferece solu\u00e7\u00f5es e servi\u00e7os nos diferentes processos de desenvolvimento do setor automotivo.","og_url":"https:\/\/ibo-group.com\/pt-br\/desenvolvimento-de-veiculo-e-componente\/engenharia-e-desenvolvimento-de-componentes\/","og_site_name":"Ibo Group - Ingenier\u00eda y dise\u00f1o para automoci\u00f3n","article_modified_time":"2023-06-23T08:38:31+00:00","twitter_card":"summary_large_image","twitter_misc":{"Est. tempo de leitura":"6 minutos"},"schema":{"@context":"https:\/\/schema.org","@graph":[{"@type":"WebPage","@id":"https:\/\/ibo-group.com\/pt-br\/desenvolvimento-de-veiculo-e-componente\/engenharia-e-desenvolvimento-de-componentes\/","url":"https:\/\/ibo-group.com\/pt-br\/desenvolvimento-de-veiculo-e-componente\/engenharia-e-desenvolvimento-de-componentes\/","name":"Engenharia e desenvolvimento de componentes automotivos | IBO Group","isPartOf":{"@id":"https:\/\/ibo-group.com\/pt-br\/#website"},"datePublished":"2021-12-15T13:35:05+00:00","dateModified":"2023-06-23T08:38:31+00:00","description":"O departamento de engenharia e desenvolvimento de componentes oferece solu\u00e7\u00f5es e servi\u00e7os nos diferentes processos de desenvolvimento do setor automotivo.","breadcrumb":{"@id":"https:\/\/ibo-group.com\/pt-br\/desenvolvimento-de-veiculo-e-componente\/engenharia-e-desenvolvimento-de-componentes\/#breadcrumb"},"inLanguage":"pt-BR","potentialAction":[{"@type":"ReadAction","target":["https:\/\/ibo-group.com\/pt-br\/desenvolvimento-de-veiculo-e-componente\/engenharia-e-desenvolvimento-de-componentes\/"]}]},{"@type":"BreadcrumbList","@id":"https:\/\/ibo-group.com\/pt-br\/desenvolvimento-de-veiculo-e-componente\/engenharia-e-desenvolvimento-de-componentes\/#breadcrumb","itemListElement":[{"@type":"ListItem","position":1,"name":"Home","item":"https:\/\/ibo-group.com\/pt-br\/"},{"@type":"ListItem","position":2,"name":"Servi\u00e7os","item":"https:\/\/ibo-group.com\/pt-br\/desenvolvimento-de-veiculo-e-componente\/"},{"@type":"ListItem","position":3,"name":"Engenharia e desenvolvimento de componentes"}]},{"@type":"WebSite","@id":"https:\/\/ibo-group.com\/pt-br\/#website","url":"https:\/\/ibo-group.com\/pt-br\/","name":"Ibo Group - Ingenier\u00eda y dise\u00f1o para automoci\u00f3n","description":"Oficina de ingenier\u00eda. Dise\u00f1o, investigaci\u00f3n y desarrollo de componentes; especializados en el sector de la automoci\u00f3n.","potentialAction":[{"@type":"SearchAction","target":{"@type":"EntryPoint","urlTemplate":"https:\/\/ibo-group.com\/pt-br\/?s={search_term_string}"},"query-input":{"@type":"PropertyValueSpecification","valueRequired":true,"valueName":"search_term_string"}}],"inLanguage":"pt-BR"}]}},"_links":{"self":[{"href":"https:\/\/ibo-group.com\/pt-br\/wp-json\/wp\/v2\/pages\/3681","targetHints":{"allow":["GET"]}}],"collection":[{"href":"https:\/\/ibo-group.com\/pt-br\/wp-json\/wp\/v2\/pages"}],"about":[{"href":"https:\/\/ibo-group.com\/pt-br\/wp-json\/wp\/v2\/types\/page"}],"author":[{"embeddable":true,"href":"https:\/\/ibo-group.com\/pt-br\/wp-json\/wp\/v2\/users\/1"}],"replies":[{"embeddable":true,"href":"https:\/\/ibo-group.com\/pt-br\/wp-json\/wp\/v2\/comments?post=3681"}],"version-history":[{"count":2,"href":"https:\/\/ibo-group.com\/pt-br\/wp-json\/wp\/v2\/pages\/3681\/revisions"}],"predecessor-version":[{"id":4119,"href":"https:\/\/ibo-group.com\/pt-br\/wp-json\/wp\/v2\/pages\/3681\/revisions\/4119"}],"up":[{"embeddable":true,"href":"https:\/\/ibo-group.com\/pt-br\/wp-json\/wp\/v2\/pages\/3627"}],"wp:attachment":[{"href":"https:\/\/ibo-group.com\/pt-br\/wp-json\/wp\/v2\/media?parent=3681"}],"curies":[{"name":"wp","href":"https:\/\/api.w.org\/{rel}","templated":true}]}}