{"id":3676,"date":"2021-12-15T14:21:54","date_gmt":"2021-12-15T13:21:54","guid":{"rendered":"https:\/\/ibo-group.pruebasweb.com.es\/desenvolvimento-de-veiculo-e-componente\/visualizacion\/"},"modified":"2023-06-23T10:42:42","modified_gmt":"2023-06-23T08:42:42","slug":"visualizacao","status":"publish","type":"page","link":"https:\/\/ibo-group.com\/pt-br\/desenvolvimento-de-veiculo-e-componente\/visualizacao\/","title":{"rendered":"Visualiza\u00e7\u00e3o"},"content":{"rendered":"<p><div class=\"fusion-fullwidth fullwidth-box fusion-builder-row-1 fusion-flex-container video-background hundred-percent-fullwidth non-hundred-percent-height-scrolling\" style=\"--awb-border-color:var(--awb-color1);--awb-border-radius-top-left:0px;--awb-border-radius-top-right:0px;--awb-border-radius-bottom-right:0px;--awb-border-radius-bottom-left:0px;--awb-padding-top:0vw;--awb-padding-right:0px;--awb-padding-bottom:0px;--awb-padding-left:0px;--awb-padding-right-small:10px;--awb-padding-left-small:10px;--awb-margin-top:-140px;--awb-margin-bottom:40px;--awb-margin-top-small:0px;--awb-min-height:100vh;--awb-min-height-small:26vh;--awb-flex-wrap:wrap;--awb-box-shadow:0px -7px 12px 0px var(--awb-color8);\" ><div class=\"fullwidth-video\"><video preload=\"auto\" autoplay playsinline loop muted><source src=\"\/videos\/home-intro.mp4\" type=\"video\/mp4\"><\/video><\/div><div class=\"fusion-builder-row fusion-row fusion-flex-align-items-flex-end fusion-flex-align-content-flex-end fusion-flex-justify-content-space-between fusion-flex-content-wrap\" style=\"width:104% !important;max-width:104% !important;margin-left: calc(-4% \/ 2 );margin-right: calc(-4% \/ 2 );\"><div class=\"fusion-layout-column fusion_builder_column fusion-builder-column-0 fusion_builder_column_1_1 1_1 fusion-flex-column fusion-flex-align-self-center fusion-animated\" style=\"--awb-padding-top:0%;--awb-padding-bottom:0px;--awb-padding-right-small:0px;--awb-padding-left-small:0px;--awb-bg-size:cover;--awb-width-large:100%;--awb-margin-top-large:0px;--awb-spacing-right-large:1.92%;--awb-margin-bottom-large:0px;--awb-spacing-left-large:1.92%;--awb-width-medium:100%;--awb-order-medium:0;--awb-spacing-right-medium:1.92%;--awb-spacing-left-medium:1.92%;--awb-width-small:100%;--awb-order-small:0;--awb-spacing-right-small:0px;--awb-margin-bottom-small:0px;--awb-spacing-left-small:0px;\" data-animationType=\"fadeInUp\" data-animationDuration=\"0.8\" data-animationOffset=\"top-into-view\"><div class=\"fusion-column-wrapper fusion-column-has-shadow fusion-flex-justify-content-center fusion-content-layout-column\"><\/div><\/div><div class=\"fusion-layout-column fusion_builder_column fusion-builder-column-1 fusion_builder_column_1_2 1_2 fusion-flex-column migapan\" style=\"--awb-padding-left:4%;--awb-overflow:hidden;--awb-bg-color:var(--awb-color7);--awb-bg-color-hover:var(--awb-color7);--awb-bg-size:cover;--awb-border-color:rgba(0,0,0,0.1);--awb-border-style:solid;--awb-border-radius:0px 50px 0px 0px;--awb-width-large:50%;--awb-margin-top-large:0px;--awb-spacing-right-large:15px;--awb-margin-bottom-large:0px;--awb-spacing-left-large:30px;--awb-width-medium:50%;--awb-order-medium:0;--awb-spacing-right-medium:15px;--awb-spacing-left-medium:30px;--awb-width-small:100%;--awb-order-small:0;--awb-spacing-right-small:1.92%;--awb-spacing-left-small:1.92%;\"><div class=\"fusion-column-wrapper fusion-column-has-shadow fusion-flex-justify-content-flex-end fusion-content-layout-column\"><nav class=\"fusion-breadcrumbs awb-yoast-breadcrumbs fusion-breadcrumbs-1 breadcrumbsmovil\" style=\"--awb-alignment:left;--awb-text-hover-color:var(--awb-color4);--awb-text-color:var(--awb-color1);--awb-breadcrumb-sep:&#039;\u2192&#039;;text-align:left;\" aria-label=\"Breadcrumb\"><ol class=\"awb-breadcrumb-list\"><li class=\"fusion-breadcrumb-item awb-breadcrumb-sep awb-home\" ><a href=\"https:\/\/ibo-group.com\/pt-br\/\" class=\"fusion-breadcrumb-link\"><span >Home<\/span><\/a><\/li><\/ol><\/nav><\/div><\/div><\/div><\/div><div class=\"fusion-fullwidth fullwidth-box fusion-builder-row-2 fusion-flex-container nonhundred-percent-fullwidth non-hundred-percent-height-scrolling\" style=\"--awb-background-position:left center;--awb-border-sizes-top:0px;--awb-border-sizes-bottom:0px;--awb-border-sizes-left:0px;--awb-border-sizes-right:0px;--awb-border-radius-top-left:0px;--awb-border-radius-top-right:0px;--awb-border-radius-bottom-right:0px;--awb-border-radius-bottom-left:0px;--awb-padding-top:3%;--awb-padding-bottom:4%;--awb-padding-bottom-medium:62px;--awb-padding-top-small:1%;--awb-flex-wrap:wrap;\" ><div class=\"fusion-builder-row fusion-row fusion-flex-align-items-flex-end fusion-flex-justify-content-center fusion-flex-content-wrap\" style=\"max-width:1331.2px;margin-left: calc(-4% \/ 2 );margin-right: calc(-4% \/ 2 );\"><div class=\"fusion-layout-column fusion_builder_column fusion-builder-column-2 fusion_builder_column_2_3 2_3 fusion-flex-column\" style=\"--awb-bg-size:cover;--awb-width-large:66.666666666667%;--awb-margin-top-large:0px;--awb-spacing-right-large:3.84%;--awb-margin-bottom-large:20px;--awb-spacing-left-large:2.88%;--awb-width-medium:66.666666666667%;--awb-order-medium:0;--awb-spacing-right-medium:3.84%;--awb-spacing-left-medium:2.88%;--awb-width-small:100%;--awb-order-small:0;--awb-spacing-right-small:2.56%;--awb-spacing-left-small:1.92%;\"><div class=\"fusion-column-wrapper fusion-column-has-shadow fusion-flex-justify-content-flex-start fusion-content-layout-column\"><div class=\"fusion-title title fusion-title-1 fusion-sep-none fusion-title-text fusion-title-size-two\" style=\"--awb-margin-bottom:30px;--awb-margin-top-small:10px;--awb-margin-right-small:0px;--awb-margin-bottom-small:10px;--awb-margin-left-small:0px;\"><h2 class=\"fusion-title-heading title-heading-left\" style=\"margin:0;text-transform:uppercase;\">Visualiza\u00e7\u00e3o<\/h2><\/div><div class=\"fusion-title title fusion-title-2 fusion-sep-none fusion-title-text fusion-title-size-div fusion-animated\" style=\"--awb-margin-bottom:10px;--awb-margin-top-small:10px;--awb-margin-right-small:0px;--awb-margin-bottom-small:10px;--awb-margin-left-small:0px;--awb-font-size:18px;\" data-animationType=\"fadeInLeft\" data-animationDuration=\"1.7\" data-animationOffset=\"bottom-in-view\"><div class=\"fusion-title-heading title-heading-left title-heading-tag\" style=\"margin:0;text-transform:uppercase;font-size:1em;\">#CGI #VR Virtual Reality #AR Augmented Reality #App Development #VP Virtual Production<\/div><\/div><div class=\"fusion-separator fusion-full-width-sep\" style=\"align-self: center;margin-left: auto;margin-right: auto;margin-top:10px;margin-bottom:10px;width:100%;\"><div class=\"fusion-separator-border sep-single sep-solid\" style=\"--awb-height:20px;--awb-amount:20px;--awb-sep-color:#161f29;border-color:#161f29;border-top-width:1px;\"><\/div><\/div><div class=\"fusion-title title fusion-title-3 fusion-sep-none fusion-title-text fusion-title-size-div\" style=\"--awb-margin-bottom:10px;--awb-margin-top-small:10px;--awb-margin-right-small:0px;--awb-margin-bottom-small:10px;--awb-margin-left-small:0px;--awb-font-size:30px;\"><div class=\"fusion-title-heading title-heading-left title-heading-tag\" style=\"margin:0;font-size:1em;line-height:1.2;\"><span id=\"E1463\">Concretiza o design<\/span><span id=\"E1464\"> dos clientes <\/span><span id=\"E1465\">em <\/span><span id=\"E1466\">um <\/span><span id=\"E1467\">formato realista<\/span><\/div><\/div><div class=\"fusion-separator fusion-full-width-sep\" style=\"align-self: center;margin-left: auto;margin-right: auto;margin-top:10px;margin-bottom:30px;width:100%;\"><div class=\"fusion-separator-border sep-single sep-solid\" style=\"--awb-height:20px;--awb-amount:20px;--awb-sep-color:#161f29;border-color:#161f29;border-top-width:1px;\"><\/div><\/div><div class=\"fusion-text fusion-text-1\" style=\"--awb-content-alignment:justify;--awb-text-transform:none;\"><p><span id=\"E1470\">Apoiamos o trabalho dos outros departamentos, ajudando no seu fluxo de trabalho a exportar o seu <\/span><span id=\"E1471\">projeto<\/span><span id=\"E1472\">, a matem\u00e1tica em qualquer fase do <\/span><span id=\"E1473\">projeto<\/span><span id=\"E1474\"> para visualiza\u00e7\u00e3o no formato mais realista, tanto na fase de <\/span><span id=\"E1476\">pr\u00e9<\/span><span id=\"E1478\">-entrega como na fase final.<\/span><\/p>\n<p><span id=\"E1481\">Primeir<\/span><span id=\"E1482\">as<\/span><span id=\"E1483\"> <\/span><span id=\"E1484\">renderiza\u00e7\u00f5es realistas, anima\u00e7\u00f5es, cen\u00e1rios para os seus <\/span><span id=\"E1485\">projeto<\/span><span id=\"E1486\">s, <\/span><span id=\"E1487\">amplia\u00e7\u00e3o<\/span><span id=\"E1488\"> <\/span><span id=\"E1489\">de pe\u00e7as para apresenta\u00e7\u00f5es, <\/span><span id=\"E1490\">textur<\/span><span id=\"E1491\">izamos<\/span><span id=\"E1492\"> <\/span><span id=\"E1493\">e iluminamos as pe\u00e7as ou cen\u00e1rios <\/span><span id=\"E1495\">fotorealistas<\/span><span id=\"E1497\">.<\/span><\/p>\n<p><span id=\"E1500\">Trabalhamos com os melhores motores de renderiza\u00e7\u00e3o e especialistas em <\/span><span id=\"E1502\">Backplates<\/span><span id=\"E1504\">, <\/span><span id=\"E1506\">Hdri&#8217;s<\/span><span id=\"E1508\">, que utilizamos para criar ambientes <\/span><span id=\"E1510\">fotorealistas<\/span><span id=\"E1512\"> em todas as nossas cenas.<\/span><\/p>\n<\/div><\/div><\/div><div class=\"fusion-layout-column fusion_builder_column fusion-builder-column-3 fusion_builder_column_1_1 1_1 fusion-flex-column fusion-no-small-visibility\" style=\"--awb-bg-size:cover;--awb-width-large:100%;--awb-margin-top-large:0px;--awb-spacing-right-large:1.92%;--awb-margin-bottom-large:20px;--awb-spacing-left-large:1.92%;--awb-width-medium:100%;--awb-order-medium:0;--awb-spacing-right-medium:1.92%;--awb-spacing-left-medium:1.92%;--awb-width-small:100%;--awb-order-small:0;--awb-spacing-right-small:1.92%;--awb-spacing-left-small:1.92%;\"><div class=\"fusion-column-wrapper fusion-column-has-shadow fusion-flex-justify-content-flex-start fusion-content-layout-column\">\t\t\t\t\t<div class=\"fusion-slider-container fusion-slider-sc-visualizacion-de-producto-bra fusion-slider-60 full-width-slider\" style=\"height:650px; max-width:100%;\" data-id=\"60\" data-full_height=\"\">\n\t\t\t\t\t\t<style type=\"text\/css\">.fusion-slider-60 .flex-direction-nav a {width:65px;height:65px;line-height:65px;font-size:25px;}<\/style>\t\t\t\t\t\t<div class=\"fusion-slider-loading\">Loading...<\/div>\n\t\t\t\t\t\t<div class=\"tfs-slider flexslider main-flex full-width-slider\" data-slider_width=\"100%\" data-slider_height=\"650px\" data-full_screen=\"0\" data-parallax=\"0\" data-nav_arrows=\"1\" data-nav_arrow_size=\"25px\" data-nav_box_width=\"65px\" data-nav_box_height=\"65px\" data-slideshow_speed=\"7000\" data-loop=\"1\" data-autoplay=\"1\" data-orderby=\"date\" data-order=\"DESC\" data-animation=\"fade\" data-animation_speed=\"600\" data-typo_sensitivity=\"1\" data-typo_factor=\"1.5\" style=\"max-width:100%;\">\n\t\t\t\t\t\t\t<ul class=\"slides\">\n\t\t\t\t\t\t\t\t\t\t\t\t\t\t\t\t\t<li data-mute=\"yes\" data-loop=\"yes\" data-autoplay=\"yes\">\n\t\t\t\t\t\t\t\t\t\t<div class=\"slide-content-container slide-content-left\" style=\"display: none;\">\n\t\t\t\t\t\t\t\t\t\t\t<div class=\"slide-content\" style=\"\">\n\t\t\t\t\t\t\t\t\t\t\t\t\t\t\t\t\t\t\t\t\t\t\t\t\t\t\t\t\t\t\t\t\t\t\t\t\t\t\t\t\t\t\t\t\t\t\t<\/div>\n\t\t\t\t\t\t\t\t\t\t<\/div>\n\t\t\t\t\t\t\t\t\t\t\t\t\t\t\t\t\t\t\t\t\t\t\t\t\t\t\t\t\t\t\t\t\t\t\t\t\t\t\t\t<div class=\"background background-image\" style=\"background-image: url(https:\/\/ibo-group.com\/wp-content\/uploads\/Top-view-front-2023.webp);max-width:100%;height:650px;filter: progid:DXImageTransform.Microsoft.AlphaImageLoader(src='https:\/\/ibo-group.com\/wp-content\/uploads\/Top-view-front-2023.webp', sizingMethod='scale');\" data-imgwidth=\"1920\">\n\t\t\t\t\t\t\t\t\t\t\t\t\t\t\t\t\t\t\t\t\t\t\t\t\t\t\t\t\t\t\t\t\t\t\t\t\t\t\t\t\t\t\t\t\t\t\t\t\t\t\t\t\t\t\t\t\t\t\t\t\t\t\t\t\t\t<\/div>\n\t\t\t\t\t\t\t\t\t<\/li>\n\t\t\t\t\t\t\t\t\t\t\t\t\t\t\t\t\t<li data-mute=\"yes\" data-loop=\"yes\" data-autoplay=\"yes\">\n\t\t\t\t\t\t\t\t\t\t<div class=\"slide-content-container slide-content-left\" style=\"display: none;\">\n\t\t\t\t\t\t\t\t\t\t\t<div class=\"slide-content\" style=\"\">\n\t\t\t\t\t\t\t\t\t\t\t\t\t\t\t\t\t\t\t\t\t\t\t\t\t\t\t\t\t\t\t\t\t\t\t\t\t\t\t\t\t\t\t\t\t\t\t<\/div>\n\t\t\t\t\t\t\t\t\t\t<\/div>\n\t\t\t\t\t\t\t\t\t\t\t\t\t\t\t\t\t\t\t\t\t\t\t\t\t\t\t\t\t\t\t\t\t\t\t\t\t\t\t\t<div class=\"background background-image\" style=\"background-image: url(https:\/\/ibo-group.com\/wp-content\/uploads\/Diseno-de-superficies-2023.webp);max-width:100%;height:650px;filter: progid:DXImageTransform.Microsoft.AlphaImageLoader(src='https:\/\/ibo-group.com\/wp-content\/uploads\/Diseno-de-superficies-2023.webp', sizingMethod='scale');\" data-imgwidth=\"1920\">\n\t\t\t\t\t\t\t\t\t\t\t\t\t\t\t\t\t\t\t\t\t\t\t\t\t\t\t\t\t\t\t\t\t\t\t\t\t\t\t\t\t\t\t\t\t\t\t\t\t\t\t\t\t\t\t\t\t\t\t\t\t\t\t\t\t\t<\/div>\n\t\t\t\t\t\t\t\t\t<\/li>\n\t\t\t\t\t\t\t\t\t\t\t\t\t\t\t\t\t\t\t\t\t\t\t<\/ul>\n\t\t\t\t\t\t<\/div>\n\t\t\t\t\t<\/div>\n\t\t\t\t\t\t\t\t<\/div><\/div><div class=\"fusion-layout-column fusion_builder_column fusion-builder-column-4 fusion_builder_column_1_1 1_1 fusion-flex-column fusion-no-medium-visibility fusion-no-large-visibility\" style=\"--awb-bg-size:cover;--awb-width-large:100%;--awb-margin-top-large:0px;--awb-spacing-right-large:1.92%;--awb-margin-bottom-large:20px;--awb-spacing-left-large:1.92%;--awb-width-medium:100%;--awb-order-medium:0;--awb-spacing-right-medium:1.92%;--awb-spacing-left-medium:1.92%;--awb-width-small:100%;--awb-order-small:0;--awb-spacing-right-small:1.92%;--awb-spacing-left-small:1.92%;\"><div class=\"fusion-column-wrapper fusion-column-has-shadow fusion-flex-justify-content-flex-start fusion-content-layout-column\"><div class=\"fusion-image-element \" style=\"--awb-caption-title-font-family:var(--h2_typography-font-family);--awb-caption-title-font-weight:var(--h2_typography-font-weight);--awb-caption-title-font-style:var(--h2_typography-font-style);--awb-caption-title-size:var(--h2_typography-font-size);--awb-caption-title-transform:var(--h2_typography-text-transform);--awb-caption-title-line-height:var(--h2_typography-line-height);--awb-caption-title-letter-spacing:var(--h2_typography-letter-spacing);\"><span class=\" fusion-imageframe imageframe-none imageframe-1 hover-type-none\"><img decoding=\"async\" width=\"1920\" height=\"1280\" title=\"Visualizacion &#8211; Realidad virtual para automoci\u00f3n | IBO Group\" src=\"https:\/\/ibo-group.com\/wp-content\/uploads\/Diseno-de-superficies-2023.webp\" alt class=\"img-responsive wp-image-4123\" srcset=\"https:\/\/ibo-group.com\/wp-content\/uploads\/Diseno-de-superficies-2023-200x133.webp 200w, https:\/\/ibo-group.com\/wp-content\/uploads\/Diseno-de-superficies-2023-400x267.webp 400w, https:\/\/ibo-group.com\/wp-content\/uploads\/Diseno-de-superficies-2023-600x400.webp 600w, https:\/\/ibo-group.com\/wp-content\/uploads\/Diseno-de-superficies-2023-800x533.webp 800w, https:\/\/ibo-group.com\/wp-content\/uploads\/Diseno-de-superficies-2023-1200x800.webp 1200w, https:\/\/ibo-group.com\/wp-content\/uploads\/Diseno-de-superficies-2023.webp 1920w\" sizes=\"(max-width: 640px) 100vw, 1920px\" \/><\/span><\/div><\/div><\/div><\/div><\/div><\/p>\n","protected":false},"excerpt":{"rendered":"","protected":false},"author":1,"featured_media":0,"parent":3627,"menu_order":0,"comment_status":"closed","ping_status":"closed","template":"100-width.php","meta":{"footnotes":""},"class_list":["post-3676","page","type-page","status-publish","hentry"],"yoast_head":"<!-- This site is optimized with the Yoast SEO plugin v27.4 - https:\/\/yoast.com\/product\/yoast-seo-wordpress\/ -->\n<title>Visualiza\u00e7\u00e3o - Realidade Virtual para a ind\u00fastria automotiva | IBO Group<\/title>\n<meta name=\"description\" content=\"No departamento de Visualiza\u00e7\u00e3o do IBO Group ajudamos a fazer avan\u00e7ar os projetos, apresentando-os no formato mais realista, tanto na fase preliminar como na fase final.\" \/>\n<meta name=\"robots\" content=\"index, follow, max-snippet:-1, max-image-preview:large, max-video-preview:-1\" \/>\n<link rel=\"canonical\" href=\"https:\/\/ibo-group.com\/pt-br\/desenvolvimento-de-veiculo-e-componente\/visualizacao\/\" \/>\n<meta property=\"og:locale\" content=\"pt_BR\" \/>\n<meta property=\"og:type\" content=\"article\" \/>\n<meta property=\"og:title\" content=\"Visualiza\u00e7\u00e3o - Realidade Virtual para a ind\u00fastria automotiva | IBO Group\" \/>\n<meta property=\"og:description\" content=\"No departamento de Visualiza\u00e7\u00e3o do IBO Group ajudamos a fazer avan\u00e7ar os projetos, apresentando-os no formato mais realista, tanto na fase preliminar como na fase final.\" \/>\n<meta property=\"og:url\" content=\"https:\/\/ibo-group.com\/pt-br\/desenvolvimento-de-veiculo-e-componente\/visualizacao\/\" \/>\n<meta property=\"og:site_name\" content=\"Ibo Group - Ingenier\u00eda y dise\u00f1o para automoci\u00f3n\" \/>\n<meta property=\"article:modified_time\" content=\"2023-06-23T08:42:42+00:00\" \/>\n<meta name=\"twitter:card\" content=\"summary_large_image\" \/>\n<meta name=\"twitter:label1\" content=\"Est. tempo de leitura\" \/>\n\t<meta name=\"twitter:data1\" content=\"7 minutos\" \/>\n<script type=\"application\/ld+json\" class=\"yoast-schema-graph\">{\"@context\":\"https:\\\/\\\/schema.org\",\"@graph\":[{\"@type\":\"WebPage\",\"@id\":\"https:\\\/\\\/ibo-group.com\\\/pt-br\\\/desenvolvimento-de-veiculo-e-componente\\\/visualizacao\\\/\",\"url\":\"https:\\\/\\\/ibo-group.com\\\/pt-br\\\/desenvolvimento-de-veiculo-e-componente\\\/visualizacao\\\/\",\"name\":\"Visualiza\u00e7\u00e3o - Realidade Virtual para a ind\u00fastria automotiva | IBO Group\",\"isPartOf\":{\"@id\":\"https:\\\/\\\/ibo-group.com\\\/pt-br\\\/#website\"},\"datePublished\":\"2021-12-15T13:21:54+00:00\",\"dateModified\":\"2023-06-23T08:42:42+00:00\",\"description\":\"No departamento de Visualiza\u00e7\u00e3o do IBO Group ajudamos a fazer avan\u00e7ar os projetos, apresentando-os no formato mais realista, tanto na fase preliminar como na fase final.\",\"breadcrumb\":{\"@id\":\"https:\\\/\\\/ibo-group.com\\\/pt-br\\\/desenvolvimento-de-veiculo-e-componente\\\/visualizacao\\\/#breadcrumb\"},\"inLanguage\":\"pt-BR\",\"potentialAction\":[{\"@type\":\"ReadAction\",\"target\":[\"https:\\\/\\\/ibo-group.com\\\/pt-br\\\/desenvolvimento-de-veiculo-e-componente\\\/visualizacao\\\/\"]}]},{\"@type\":\"BreadcrumbList\",\"@id\":\"https:\\\/\\\/ibo-group.com\\\/pt-br\\\/desenvolvimento-de-veiculo-e-componente\\\/visualizacao\\\/#breadcrumb\",\"itemListElement\":[{\"@type\":\"ListItem\",\"position\":1,\"name\":\"Home\",\"item\":\"https:\\\/\\\/ibo-group.com\\\/pt-br\\\/\"},{\"@type\":\"ListItem\",\"position\":2,\"name\":\"Servi\u00e7os\",\"item\":\"https:\\\/\\\/ibo-group.com\\\/pt-br\\\/desenvolvimento-de-veiculo-e-componente\\\/\"},{\"@type\":\"ListItem\",\"position\":3,\"name\":\"Visualiza\u00e7\u00e3o\"}]},{\"@type\":\"WebSite\",\"@id\":\"https:\\\/\\\/ibo-group.com\\\/pt-br\\\/#website\",\"url\":\"https:\\\/\\\/ibo-group.com\\\/pt-br\\\/\",\"name\":\"Ibo Group - Ingenier\u00eda y dise\u00f1o para automoci\u00f3n\",\"description\":\"Oficina de ingenier\u00eda. Dise\u00f1o, investigaci\u00f3n y desarrollo de componentes; especializados en el sector de la automoci\u00f3n.\",\"potentialAction\":[{\"@type\":\"SearchAction\",\"target\":{\"@type\":\"EntryPoint\",\"urlTemplate\":\"https:\\\/\\\/ibo-group.com\\\/pt-br\\\/?s={search_term_string}\"},\"query-input\":{\"@type\":\"PropertyValueSpecification\",\"valueRequired\":true,\"valueName\":\"search_term_string\"}}],\"inLanguage\":\"pt-BR\"}]}<\/script>\n<!-- \/ Yoast SEO plugin. -->","yoast_head_json":{"title":"Visualiza\u00e7\u00e3o - Realidade Virtual para a ind\u00fastria automotiva | IBO Group","description":"No departamento de Visualiza\u00e7\u00e3o do IBO Group ajudamos a fazer avan\u00e7ar os projetos, apresentando-os no formato mais realista, tanto na fase preliminar como na fase final.","robots":{"index":"index","follow":"follow","max-snippet":"max-snippet:-1","max-image-preview":"max-image-preview:large","max-video-preview":"max-video-preview:-1"},"canonical":"https:\/\/ibo-group.com\/pt-br\/desenvolvimento-de-veiculo-e-componente\/visualizacao\/","og_locale":"pt_BR","og_type":"article","og_title":"Visualiza\u00e7\u00e3o - Realidade Virtual para a ind\u00fastria automotiva | IBO Group","og_description":"No departamento de Visualiza\u00e7\u00e3o do IBO Group ajudamos a fazer avan\u00e7ar os projetos, apresentando-os no formato mais realista, tanto na fase preliminar como na fase final.","og_url":"https:\/\/ibo-group.com\/pt-br\/desenvolvimento-de-veiculo-e-componente\/visualizacao\/","og_site_name":"Ibo Group - Ingenier\u00eda y dise\u00f1o para automoci\u00f3n","article_modified_time":"2023-06-23T08:42:42+00:00","twitter_card":"summary_large_image","twitter_misc":{"Est. tempo de leitura":"7 minutos"},"schema":{"@context":"https:\/\/schema.org","@graph":[{"@type":"WebPage","@id":"https:\/\/ibo-group.com\/pt-br\/desenvolvimento-de-veiculo-e-componente\/visualizacao\/","url":"https:\/\/ibo-group.com\/pt-br\/desenvolvimento-de-veiculo-e-componente\/visualizacao\/","name":"Visualiza\u00e7\u00e3o - Realidade Virtual para a ind\u00fastria automotiva | IBO Group","isPartOf":{"@id":"https:\/\/ibo-group.com\/pt-br\/#website"},"datePublished":"2021-12-15T13:21:54+00:00","dateModified":"2023-06-23T08:42:42+00:00","description":"No departamento de Visualiza\u00e7\u00e3o do IBO Group ajudamos a fazer avan\u00e7ar os projetos, apresentando-os no formato mais realista, tanto na fase preliminar como na fase final.","breadcrumb":{"@id":"https:\/\/ibo-group.com\/pt-br\/desenvolvimento-de-veiculo-e-componente\/visualizacao\/#breadcrumb"},"inLanguage":"pt-BR","potentialAction":[{"@type":"ReadAction","target":["https:\/\/ibo-group.com\/pt-br\/desenvolvimento-de-veiculo-e-componente\/visualizacao\/"]}]},{"@type":"BreadcrumbList","@id":"https:\/\/ibo-group.com\/pt-br\/desenvolvimento-de-veiculo-e-componente\/visualizacao\/#breadcrumb","itemListElement":[{"@type":"ListItem","position":1,"name":"Home","item":"https:\/\/ibo-group.com\/pt-br\/"},{"@type":"ListItem","position":2,"name":"Servi\u00e7os","item":"https:\/\/ibo-group.com\/pt-br\/desenvolvimento-de-veiculo-e-componente\/"},{"@type":"ListItem","position":3,"name":"Visualiza\u00e7\u00e3o"}]},{"@type":"WebSite","@id":"https:\/\/ibo-group.com\/pt-br\/#website","url":"https:\/\/ibo-group.com\/pt-br\/","name":"Ibo Group - Ingenier\u00eda y dise\u00f1o para automoci\u00f3n","description":"Oficina de ingenier\u00eda. Dise\u00f1o, investigaci\u00f3n y desarrollo de componentes; especializados en el sector de la automoci\u00f3n.","potentialAction":[{"@type":"SearchAction","target":{"@type":"EntryPoint","urlTemplate":"https:\/\/ibo-group.com\/pt-br\/?s={search_term_string}"},"query-input":{"@type":"PropertyValueSpecification","valueRequired":true,"valueName":"search_term_string"}}],"inLanguage":"pt-BR"}]}},"_links":{"self":[{"href":"https:\/\/ibo-group.com\/pt-br\/wp-json\/wp\/v2\/pages\/3676","targetHints":{"allow":["GET"]}}],"collection":[{"href":"https:\/\/ibo-group.com\/pt-br\/wp-json\/wp\/v2\/pages"}],"about":[{"href":"https:\/\/ibo-group.com\/pt-br\/wp-json\/wp\/v2\/types\/page"}],"author":[{"embeddable":true,"href":"https:\/\/ibo-group.com\/pt-br\/wp-json\/wp\/v2\/users\/1"}],"replies":[{"embeddable":true,"href":"https:\/\/ibo-group.com\/pt-br\/wp-json\/wp\/v2\/comments?post=3676"}],"version-history":[{"count":1,"href":"https:\/\/ibo-group.com\/pt-br\/wp-json\/wp\/v2\/pages\/3676\/revisions"}],"predecessor-version":[{"id":4128,"href":"https:\/\/ibo-group.com\/pt-br\/wp-json\/wp\/v2\/pages\/3676\/revisions\/4128"}],"up":[{"embeddable":true,"href":"https:\/\/ibo-group.com\/pt-br\/wp-json\/wp\/v2\/pages\/3627"}],"wp:attachment":[{"href":"https:\/\/ibo-group.com\/pt-br\/wp-json\/wp\/v2\/media?parent=3676"}],"curies":[{"name":"wp","href":"https:\/\/api.w.org\/{rel}","templated":true}]}}