{"id":3637,"date":"2021-12-14T15:44:27","date_gmt":"2021-12-14T15:44:27","guid":{"rendered":"https:\/\/ibo-group.pruebasweb.com.es\/engenheiros-automotivos\/ibo-engineering\/"},"modified":"2022-06-16T09:43:35","modified_gmt":"2022-06-16T09:43:35","slug":"ibo-engenharia","status":"publish","type":"page","link":"https:\/\/ibo-group.com\/pt-br\/engenheiros-automotivos\/ibo-engenharia\/","title":{"rendered":"IBO Engineering"},"content":{"rendered":"<p><div class=\"fusion-fullwidth fullwidth-box fusion-builder-row-1 fusion-flex-container nonhundred-percent-fullwidth non-hundred-percent-height-scrolling\" style=\"--awb-background-position:left center;--awb-border-sizes-top:0px;--awb-border-sizes-bottom:0px;--awb-border-sizes-left:0px;--awb-border-sizes-right:0px;--awb-border-radius-top-left:0px;--awb-border-radius-top-right:0px;--awb-border-radius-bottom-right:0px;--awb-border-radius-bottom-left:0px;--awb-padding-top:3%;--awb-padding-bottom:4%;--awb-padding-bottom-medium:62px;--awb-flex-wrap:wrap;\" ><div class=\"fusion-builder-row fusion-row fusion-flex-align-items-stretch fusion-flex-justify-content-center fusion-flex-content-wrap\" style=\"max-width:1331.2px;margin-left: calc(-4% \/ 2 );margin-right: calc(-4% \/ 2 );\"><div class=\"fusion-layout-column fusion_builder_column fusion-builder-column-0 fusion_builder_column_2_5 2_5 fusion-flex-column\" style=\"--awb-bg-size:cover;--awb-width-large:40%;--awb-margin-top-large:0px;--awb-spacing-right-large:6.4%;--awb-margin-bottom-large:20px;--awb-spacing-left-large:4.8%;--awb-width-medium:40%;--awb-order-medium:0;--awb-spacing-right-medium:6.4%;--awb-spacing-left-medium:4.8%;--awb-width-small:100%;--awb-order-small:0;--awb-spacing-right-small:2.56%;--awb-spacing-left-small:1.92%;\"><div class=\"fusion-column-wrapper fusion-column-has-shadow fusion-flex-justify-content-flex-start fusion-content-layout-column\"><div class=\"fusion-title title fusion-title-1 fusion-sep-none fusion-title-text fusion-title-size-one\" style=\"--awb-margin-bottom:10px;--awb-margin-top-small:10px;--awb-margin-right-small:0px;--awb-margin-bottom-small:10px;--awb-margin-left-small:0px;\"><h1 class=\"fusion-title-heading title-heading-left\" style=\"margin:0;text-transform:uppercase;\">IBO Engineering<\/h1><\/div><div class=\"fusion-separator fusion-full-width-sep\" style=\"align-self: center;margin-left: auto;margin-right: auto;margin-top:10px;margin-bottom:10px;width:100%;\"><div class=\"fusion-separator-border sep-single sep-solid\" style=\"--awb-height:20px;--awb-amount:20px;--awb-sep-color:#000000;border-color:#000000;border-top-width:1px;\"><\/div><\/div><div class=\"fusion-title title fusion-title-2 fusion-sep-none fusion-title-text fusion-title-size-div\" style=\"--awb-margin-bottom:10px;--awb-margin-top-small:10px;--awb-margin-right-small:0px;--awb-margin-bottom-small:10px;--awb-margin-left-small:0px;--awb-font-size:30px;\"><div class=\"fusion-title-heading title-heading-left title-heading-tag\" style=\"margin:0;font-size:1em;line-height:1.2;\"><p id=\"E630\" class=\"x-scope qowt-word-para-1\"><span id=\"E631\">Solu\u00e7\u00f5es inovadoras de engenharia<\/span><\/p><\/div><\/div><div class=\"fusion-separator fusion-full-width-sep\" style=\"align-self: center;margin-left: auto;margin-right: auto;margin-top:10px;margin-bottom:30px;width:100%;\"><div class=\"fusion-separator-border sep-single sep-solid\" style=\"--awb-height:20px;--awb-amount:20px;--awb-sep-color:#000000;border-color:#000000;border-top-width:1px;\"><\/div><\/div><div class=\"fusion-text fusion-text-1\" style=\"--awb-content-alignment:justify;--awb-text-transform:none;\"><p><span id=\"E634\">A IBO <\/span><span id=\"E636\">Engineering<\/span><span id=\"E638\"> \u00e9 uma empresa de engenharia e design ao servi\u00e7o da <\/span><span id=\"E639\">ind\u00fastria automotiva<\/span><span id=\"E640\">. <\/span><span id=\"E641\">N<\/span><span id=\"E642\">oss<\/span><span id=\"E643\">a<\/span><span id=\"E644\"> principal <\/span><span id=\"E645\">atividade <\/span><span id=\"E646\">\u00e9 fornecer aos OEM e aos seus fornecedores solu\u00e7\u00f5es de engenharia inovadoras, centradas na investiga\u00e7\u00e3o e desenvolvimento de todos os tipos de ve\u00edculos e seus componentes.<\/span><\/p>\n<p><span id=\"E649\">O<\/span><span id=\"E650\">s <\/span><span id=\"E651\">trabalho<\/span><span id=\"E652\">s<\/span><span id=\"E653\"> encomendado<\/span><span id=\"E654\">s<\/span><span id=\"E655\"> fo<\/span><span id=\"E656\">ram<\/span><span id=\"E657\"> conclu\u00eddo<\/span><span id=\"E658\">s<\/span><span id=\"E659\"> de forma <\/span><span id=\"E660\">pontual<\/span><span id=\"E661\"> <\/span><span id=\"E662\">e eficiente, com resultados muito rent\u00e1veis e produtivos, devido \u00e0 elevada qualidade do trabalho realizado.<\/span><\/p>\n<p><span id=\"E665\">Uma <\/span><span id=\"E666\">equip<\/span><span id=\"E667\">e<\/span><span id=\"E668\"> <\/span><span id=\"E669\">de t\u00e9cnicos especializados, equipada com recursos inform\u00e1ticos de ponta, tanto em termos de equipamento como de programas (software), cobre as necessidades espec\u00edficas e <\/span><span id=\"E670\">pontuais<\/span><span id=\"E671\"> <\/span><span id=\"E672\">dos clientes com as m\u00e1ximas garantias.<\/span><\/p>\n<\/div><\/div><\/div><div class=\"fusion-layout-column fusion_builder_column fusion-builder-column-1 fusion_builder_column_1_2 1_2 fusion-flex-column fusion-flex-align-self-flex-end\" style=\"--awb-bg-size:cover;--awb-width-large:50%;--awb-margin-top-large:0px;--awb-spacing-right-large:3.84%;--awb-margin-bottom-large:20px;--awb-spacing-left-large:4.608%;--awb-width-medium:50%;--awb-order-medium:0;--awb-spacing-right-medium:3.84%;--awb-spacing-left-medium:4.608%;--awb-width-small:100%;--awb-order-small:0;--awb-spacing-right-small:1.92%;--awb-spacing-left-small:1.92%;\"><div class=\"fusion-column-wrapper fusion-column-has-shadow fusion-flex-justify-content-flex-end fusion-content-layout-column\"><div class=\"fusion-image-element \" style=\"--awb-margin-bottom:20px;--awb-caption-title-font-family:var(--h2_typography-font-family);--awb-caption-title-font-weight:var(--h2_typography-font-weight);--awb-caption-title-font-style:var(--h2_typography-font-style);--awb-caption-title-size:var(--h2_typography-font-size);--awb-caption-title-transform:var(--h2_typography-text-transform);--awb-caption-title-line-height:var(--h2_typography-line-height);--awb-caption-title-letter-spacing:var(--h2_typography-letter-spacing);\"><span class=\" fusion-imageframe imageframe-none imageframe-1 hover-type-none\"><img decoding=\"async\" width=\"750\" height=\"500\" title=\"Abrera\" src=\"https:\/\/ibo-group.com\/wp-content\/uploads\/Abrera.webp\" alt class=\"img-responsive wp-image-3194\" srcset=\"https:\/\/ibo-group.com\/wp-content\/uploads\/Abrera-200x133.webp 200w, https:\/\/ibo-group.com\/wp-content\/uploads\/Abrera-400x267.webp 400w, https:\/\/ibo-group.com\/wp-content\/uploads\/Abrera-600x400.webp 600w, https:\/\/ibo-group.com\/wp-content\/uploads\/Abrera.webp 750w\" sizes=\"(max-width: 640px) 100vw, 600px\" \/><\/span><\/div><div class=\"fusion-text fusion-text-2\" style=\"--awb-content-alignment:justify;--awb-text-transform:none;\"><p><span id=\"E675\">A empresa conheceu um crescimento est\u00e1vel e sustent\u00e1vel, o que levou \u00e0 realiza\u00e7\u00e3o de um grande n\u00famero de <\/span><span id=\"E677\">projeto<\/span><span id=\"E678\">s para o desenvolvimento de componentes para a <\/span><span id=\"E679\">ind\u00fastria automotiva<\/span><span id=\"E680\"> e de <\/span><span id=\"E681\">objeto<\/span><span id=\"E682\">s para outros setores.<\/span><\/p>\n<\/div><\/div><\/div><\/div><\/div><div class=\"fusion-fullwidth fullwidth-box fusion-builder-row-2 fusion-flex-container hundred-percent-fullwidth non-hundred-percent-height-scrolling\" style=\"--awb-border-radius-top-left:0px;--awb-border-radius-top-right:0px;--awb-border-radius-bottom-right:0px;--awb-border-radius-bottom-left:0px;--awb-padding-right:0px;--awb-padding-left:0px;--awb-flex-wrap:wrap;\" ><div class=\"fusion-builder-row fusion-row fusion-flex-align-items-flex-start fusion-flex-content-wrap\" style=\"width:104% !important;max-width:104% !important;margin-left: calc(-4% \/ 2 );margin-right: calc(-4% \/ 2 );\"><div class=\"fusion-layout-column fusion_builder_column fusion-builder-column-2 fusion_builder_column_1_1 1_1 fusion-flex-column\" style=\"--awb-bg-size:cover;--awb-width-large:100%;--awb-margin-top-large:0px;--awb-spacing-right-large:1.92%;--awb-margin-bottom-large:20px;--awb-spacing-left-large:1.92%;--awb-width-medium:100%;--awb-order-medium:0;--awb-spacing-right-medium:1.92%;--awb-spacing-left-medium:1.92%;--awb-width-small:100%;--awb-order-small:0;--awb-spacing-right-small:1.92%;--awb-spacing-left-small:1.92%;\"><div class=\"fusion-column-wrapper fusion-column-has-shadow fusion-flex-justify-content-flex-start fusion-content-layout-column\"><div class=\"fusion-video fusion-selfhosted-video\" style=\"align-self:center;max-width:100%;\"><div class=\"video-wrapper\"><video playsinline=\"true\" width=\"100%\" style=\"object-fit: cover;\" autoplay=\"true\" muted=\"true\" loop=\"true\" preload=\"auto\"><source src=\"\/videos\/Personas.mp4\" type=\"video\/mp4\">Sorry, your browser doesn&#039;t support embedded videos.<\/video><\/div><\/div><\/div><\/div><\/div><\/div><div class=\"fusion-fullwidth fullwidth-box fusion-builder-row-3 fusion-flex-container nonhundred-percent-fullwidth non-hundred-percent-height-scrolling\" style=\"--awb-background-position:left center;--awb-border-sizes-top:0px;--awb-border-sizes-bottom:0px;--awb-border-sizes-left:0px;--awb-border-sizes-right:0px;--awb-border-radius-top-left:0px;--awb-border-radius-top-right:0px;--awb-border-radius-bottom-right:0px;--awb-border-radius-bottom-left:0px;--awb-padding-top:3%;--awb-padding-bottom:4%;--awb-padding-bottom-medium:62px;--awb-padding-bottom-small:0px;--awb-flex-wrap:wrap;\" ><div class=\"fusion-builder-row fusion-row fusion-flex-align-items-flex-end fusion-flex-justify-content-center fusion-flex-content-wrap\" style=\"max-width:1331.2px;margin-left: calc(-4% \/ 2 );margin-right: calc(-4% \/ 2 );\"><div class=\"fusion-layout-column fusion_builder_column fusion-builder-column-3 fusion_builder_column_2_5 2_5 fusion-flex-column\" style=\"--awb-bg-size:cover;--awb-width-large:40%;--awb-margin-top-large:0px;--awb-spacing-right-large:6.4%;--awb-margin-bottom-large:20px;--awb-spacing-left-large:4.8%;--awb-width-medium:40%;--awb-order-medium:0;--awb-spacing-right-medium:6.4%;--awb-spacing-left-medium:4.8%;--awb-width-small:100%;--awb-order-small:0;--awb-spacing-right-small:2.56%;--awb-spacing-left-small:1.92%;\"><div class=\"fusion-column-wrapper fusion-column-has-shadow fusion-flex-justify-content-flex-start fusion-content-layout-column\"><div class=\"fusion-title title fusion-title-3 fusion-sep-none fusion-title-text fusion-title-size-two\" style=\"--awb-margin-bottom:10px;--awb-margin-top-small:10px;--awb-margin-right-small:0px;--awb-margin-bottom-small:10px;--awb-margin-left-small:0px;\"><h2 class=\"fusion-title-heading title-heading-left\" style=\"margin:0;text-transform:uppercase;\"><span id=\"E685\">Design<\/span><span id=\"E686\"> <\/span><span id=\"E687\">conce<\/span><span id=\"E688\">i<\/span><span id=\"E689\">tual e modela\u00e7\u00e3o<\/span><\/h2><\/div><div class=\"fusion-text fusion-text-3\" style=\"--awb-content-alignment:justify;--awb-text-transform:none;\"><p><span id=\"E692\">A IBO oferece coopera\u00e7\u00e3o direta e precisa aos seus clientes no campo d<\/span><span id=\"E693\">o design <\/span><span id=\"E694\">conce<\/span><span id=\"E695\">i<\/span><span id=\"E696\">tual, bem como <\/span><span id=\"E697\">n<\/span><span id=\"E698\">a <\/span><span id=\"E699\">modela\u00e7\u00e3o digital.<\/span><\/p>\n<p><span id=\"E702\">Entendemos o design como a inter-rela\u00e7\u00e3o entre inova\u00e7\u00e3o t\u00e9cnica e estilo. Na IBO, os diferentes profissionais trabalham lado a lado com os clientes e desenvolvem as tend\u00eancias <\/span><span id=\"E703\">d<\/span><span id=\"E704\">o<\/span><span id=\"E705\"> <\/span><span id=\"E706\">amanh\u00e3, bem como <\/span><span id=\"E707\">pesquisam<\/span><span id=\"E708\"> <\/span><span id=\"E709\">poss\u00edveis aplica\u00e7\u00f5es em <\/span><span id=\"E710\">projeto<\/span><span id=\"E711\">s internos de interesse estrat\u00e9gico para o grupo.<\/span><\/p>\n<\/div><\/div><\/div><div class=\"fusion-layout-column fusion_builder_column fusion-builder-column-4 fusion_builder_column_2_5 2_5 fusion-flex-column\" style=\"--awb-bg-size:cover;--awb-width-large:40%;--awb-margin-top-large:0px;--awb-spacing-right-large:6.4%;--awb-margin-bottom-large:20px;--awb-spacing-left-large:4.8%;--awb-width-medium:40%;--awb-order-medium:0;--awb-spacing-right-medium:6.4%;--awb-spacing-left-medium:4.8%;--awb-width-small:100%;--awb-order-small:0;--awb-spacing-right-small:2.56%;--awb-spacing-left-small:1.92%;\"><div class=\"fusion-column-wrapper fusion-column-has-shadow fusion-flex-justify-content-flex-start fusion-content-layout-column\"><div class=\"fusion-text fusion-text-4\" style=\"--awb-content-alignment:justify;--awb-text-transform:none;\"><p>Podemos fabricar prot\u00f3tipos e demonstradores para verificar os conceitos desenvolvidos.<\/p>\n<p>A rela\u00e7\u00e3o universidade-empresa tamb\u00e9m \u00e9 refor\u00e7ada, colaborando diretamente com a <a href=\"https:\/\/www.elisava.net\/es\" target=\"_blank\" rel=\"noopener\"><strong>ELISAVA<\/strong>, <em>\u00abEscola Superior de Disseny i Enginyeria de Barcelona\u00bb<\/em><\/a> ligada \u00e0 Universidade Pompeu Fabra de Barcelona, organizando programas de p\u00f3s-gradua\u00e7\u00e3o, confer\u00eancias de divulga\u00e7\u00e3o e o desenvolvimento de projetos de forma\u00e7\u00e3o.<\/p>\n<\/div><\/div><\/div><div class=\"fusion-layout-column fusion_builder_column fusion-builder-column-5 fusion_builder_column_4_5 4_5 fusion-flex-column fusion-flex-align-self-center\" style=\"--awb-padding-right:25px;--awb-padding-left:25px;--awb-overflow:hidden;--awb-bg-image:linear-gradient(180deg, rgba(0,0,0,0.72) 0%,rgba(0,0,0,0.75) 100%),url(https:\/\/ibo-group.com\/wp-content\/uploads\/IBO-do-Brasil.webp);;--awb-bg-size:cover;--awb-border-radius:0px 50px 0px 0px;--awb-width-large:80%;--awb-margin-top-large:0px;--awb-spacing-right-large:2.4%;--awb-margin-bottom-large:20px;--awb-spacing-left-large:2.4%;--awb-width-medium:80%;--awb-order-medium:0;--awb-spacing-right-medium:2.4%;--awb-spacing-left-medium:2.4%;--awb-width-small:100%;--awb-order-small:0;--awb-spacing-right-small:1.92%;--awb-spacing-left-small:1.92%;\"><div class=\"fusion-column-wrapper fusion-column-has-shadow fusion-flex-justify-content-center fusion-content-layout-column fusion-column-has-bg-image\" data-bg-url=\"https:\/\/ibo-group.com\/wp-content\/uploads\/IBO-do-Brasil.webp\"><div class=\"fusion-title title fusion-title-4 fusion-sep-none fusion-title-center fusion-title-text fusion-title-size-div textophone\" style=\"--awb-text-color:#ffffff;--awb-margin-top-small:10px;--awb-margin-right-small:0px;--awb-margin-bottom-small:10px;--awb-margin-left-small:0px;--awb-font-size:25px;\"><div class=\"fusion-title-heading title-heading-center title-heading-tag\" style=\"margin:0;font-size:1em;\"><span id=\"E736\">Com sua capacidade de inova\u00e7\u00e3o e know-how, utilizando tecnologia de ponta, a IBO <\/span><span id=\"E738\">Engineering<\/span><span id=\"E740\"> \u00e9 especialista e consultor<\/span><span id=\"E741\">a<\/span><span id=\"E742\"> de refer\u00eancia para os seus clientes.<\/span><\/div><\/div><\/div><\/div><div class=\"fusion-layout-column fusion_builder_column fusion-builder-column-6 fusion_builder_column_1_1 1_1 fusion-flex-column fusion-flex-align-self-center\" style=\"--awb-padding-top:2%;--awb-bg-size:cover;--awb-width-large:100%;--awb-margin-top-large:0px;--awb-spacing-right-large:1.92%;--awb-margin-bottom-large:20px;--awb-spacing-left-large:1.92%;--awb-width-medium:100%;--awb-order-medium:0;--awb-spacing-right-medium:1.92%;--awb-spacing-left-medium:1.92%;--awb-width-small:100%;--awb-order-small:0;--awb-spacing-right-small:1.92%;--awb-spacing-left-small:1.92%;\"><div class=\"fusion-column-wrapper fusion-column-has-shadow fusion-flex-justify-content-center fusion-content-layout-column\"><div style=\"text-align:center;\"><a class=\"fusion-button button-flat fusion-button-default-size button-custom fusion-button-default button-1 fusion-button-default-span fusion-button-default-type\" style=\"--button_accent_color:var(--awb-color7);--button_accent_hover_color:#ffffff;--button_border_hover_color:#ffffff;--button_gradient_top_color:#ffffff;--button_gradient_bottom_color:#ffffff;--button_gradient_top_color_hover:var(--awb-color7);--button_gradient_bottom_color_hover:var(--awb-color7);\" target=\"_self\" href=\"\/politica-de-calidad-y-seguridad\/\"><span class=\"fusion-button-text awb-button__text awb-button__text--default\">Ver a nossa Pol\u00edtica de qualidade e seguran\u00e7a<\/span><\/a><\/div><\/div><\/div><\/div><\/div><\/p>\n","protected":false},"excerpt":{"rendered":"","protected":false},"author":1,"featured_media":3314,"parent":3633,"menu_order":0,"comment_status":"closed","ping_status":"closed","template":"100-width.php","meta":{"footnotes":""},"class_list":["post-3637","page","type-page","status-publish","has-post-thumbnail","hentry"],"yoast_head":"<!-- This site is optimized with the Yoast SEO plugin v27.4 - https:\/\/yoast.com\/product\/yoast-seo-wordpress\/ -->\n<title>Engenheiros automotivos | IBO Group<\/title>\n<meta name=\"description\" content=\"Somos um grupo de empresas com engenheiros automotivos dedicados ao design industrial e conceitual, desenvolvimento e pesquisa de componentes de ve\u00edculos.\" \/>\n<meta name=\"robots\" content=\"index, follow, max-snippet:-1, max-image-preview:large, max-video-preview:-1\" \/>\n<link rel=\"canonical\" href=\"https:\/\/ibo-group.com\/pt-br\/engenheiros-automotivos\/ibo-engenharia\/\" \/>\n<meta property=\"og:locale\" content=\"pt_BR\" \/>\n<meta property=\"og:type\" content=\"article\" \/>\n<meta property=\"og:title\" content=\"Engenheiros automotivos | IBO Group\" \/>\n<meta property=\"og:description\" content=\"Somos um grupo de empresas com engenheiros automotivos dedicados ao design industrial e conceitual, desenvolvimento e pesquisa de componentes de ve\u00edculos.\" \/>\n<meta property=\"og:url\" content=\"https:\/\/ibo-group.com\/pt-br\/engenheiros-automotivos\/ibo-engenharia\/\" \/>\n<meta property=\"og:site_name\" content=\"Ibo Group - Ingenier\u00eda y dise\u00f1o para automoci\u00f3n\" \/>\n<meta property=\"article:modified_time\" content=\"2022-06-16T09:43:35+00:00\" \/>\n<meta property=\"og:image\" content=\"https:\/\/ibo-group.com\/wp-content\/uploads\/Barcelona-1.webp\" \/>\n\t<meta property=\"og:image:width\" content=\"1920\" \/>\n\t<meta property=\"og:image:height\" content=\"287\" \/>\n\t<meta property=\"og:image:type\" content=\"image\/webp\" \/>\n<meta name=\"twitter:card\" content=\"summary_large_image\" \/>\n<meta name=\"twitter:label1\" content=\"Est. tempo de leitura\" \/>\n\t<meta name=\"twitter:data1\" content=\"10 minutos\" \/>\n<script type=\"application\/ld+json\" class=\"yoast-schema-graph\">{\"@context\":\"https:\\\/\\\/schema.org\",\"@graph\":[{\"@type\":\"WebPage\",\"@id\":\"https:\\\/\\\/ibo-group.com\\\/pt-br\\\/engenheiros-automotivos\\\/ibo-engenharia\\\/\",\"url\":\"https:\\\/\\\/ibo-group.com\\\/pt-br\\\/engenheiros-automotivos\\\/ibo-engenharia\\\/\",\"name\":\"Engenheiros automotivos | IBO Group\",\"isPartOf\":{\"@id\":\"https:\\\/\\\/ibo-group.com\\\/pt-br\\\/#website\"},\"primaryImageOfPage\":{\"@id\":\"https:\\\/\\\/ibo-group.com\\\/pt-br\\\/engenheiros-automotivos\\\/ibo-engenharia\\\/#primaryimage\"},\"image\":{\"@id\":\"https:\\\/\\\/ibo-group.com\\\/pt-br\\\/engenheiros-automotivos\\\/ibo-engenharia\\\/#primaryimage\"},\"thumbnailUrl\":\"https:\\\/\\\/ibo-group.com\\\/wp-content\\\/uploads\\\/Barcelona-1.webp\",\"datePublished\":\"2021-12-14T15:44:27+00:00\",\"dateModified\":\"2022-06-16T09:43:35+00:00\",\"description\":\"Somos um grupo de empresas com engenheiros automotivos dedicados ao design industrial e conceitual, desenvolvimento e pesquisa de componentes de ve\u00edculos.\",\"breadcrumb\":{\"@id\":\"https:\\\/\\\/ibo-group.com\\\/pt-br\\\/engenheiros-automotivos\\\/ibo-engenharia\\\/#breadcrumb\"},\"inLanguage\":\"pt-BR\",\"potentialAction\":[{\"@type\":\"ReadAction\",\"target\":[\"https:\\\/\\\/ibo-group.com\\\/pt-br\\\/engenheiros-automotivos\\\/ibo-engenharia\\\/\"]}]},{\"@type\":\"ImageObject\",\"inLanguage\":\"pt-BR\",\"@id\":\"https:\\\/\\\/ibo-group.com\\\/pt-br\\\/engenheiros-automotivos\\\/ibo-engenharia\\\/#primaryimage\",\"url\":\"https:\\\/\\\/ibo-group.com\\\/wp-content\\\/uploads\\\/Barcelona-1.webp\",\"contentUrl\":\"https:\\\/\\\/ibo-group.com\\\/wp-content\\\/uploads\\\/Barcelona-1.webp\",\"width\":1920,\"height\":287},{\"@type\":\"BreadcrumbList\",\"@id\":\"https:\\\/\\\/ibo-group.com\\\/pt-br\\\/engenheiros-automotivos\\\/ibo-engenharia\\\/#breadcrumb\",\"itemListElement\":[{\"@type\":\"ListItem\",\"position\":1,\"name\":\"Home\",\"item\":\"https:\\\/\\\/ibo-group.com\\\/pt-br\\\/\"},{\"@type\":\"ListItem\",\"position\":2,\"name\":\"IBO Group\",\"item\":\"https:\\\/\\\/ibo-group.com\\\/pt-br\\\/engenheiros-automotivos\\\/\"},{\"@type\":\"ListItem\",\"position\":3,\"name\":\"IBO Engineering\"}]},{\"@type\":\"WebSite\",\"@id\":\"https:\\\/\\\/ibo-group.com\\\/pt-br\\\/#website\",\"url\":\"https:\\\/\\\/ibo-group.com\\\/pt-br\\\/\",\"name\":\"Ibo Group - Ingenier\u00eda y dise\u00f1o para automoci\u00f3n\",\"description\":\"Oficina de ingenier\u00eda. Dise\u00f1o, investigaci\u00f3n y desarrollo de componentes; especializados en el sector de la automoci\u00f3n.\",\"potentialAction\":[{\"@type\":\"SearchAction\",\"target\":{\"@type\":\"EntryPoint\",\"urlTemplate\":\"https:\\\/\\\/ibo-group.com\\\/pt-br\\\/?s={search_term_string}\"},\"query-input\":{\"@type\":\"PropertyValueSpecification\",\"valueRequired\":true,\"valueName\":\"search_term_string\"}}],\"inLanguage\":\"pt-BR\"}]}<\/script>\n<!-- \/ Yoast SEO plugin. -->","yoast_head_json":{"title":"Engenheiros automotivos | IBO Group","description":"Somos um grupo de empresas com engenheiros automotivos dedicados ao design industrial e conceitual, desenvolvimento e pesquisa de componentes de ve\u00edculos.","robots":{"index":"index","follow":"follow","max-snippet":"max-snippet:-1","max-image-preview":"max-image-preview:large","max-video-preview":"max-video-preview:-1"},"canonical":"https:\/\/ibo-group.com\/pt-br\/engenheiros-automotivos\/ibo-engenharia\/","og_locale":"pt_BR","og_type":"article","og_title":"Engenheiros automotivos | IBO Group","og_description":"Somos um grupo de empresas com engenheiros automotivos dedicados ao design industrial e conceitual, desenvolvimento e pesquisa de componentes de ve\u00edculos.","og_url":"https:\/\/ibo-group.com\/pt-br\/engenheiros-automotivos\/ibo-engenharia\/","og_site_name":"Ibo Group - Ingenier\u00eda y dise\u00f1o para automoci\u00f3n","article_modified_time":"2022-06-16T09:43:35+00:00","og_image":[{"width":1920,"height":287,"url":"https:\/\/ibo-group.com\/wp-content\/uploads\/Barcelona-1.webp","type":"image\/webp"}],"twitter_card":"summary_large_image","twitter_misc":{"Est. tempo de leitura":"10 minutos"},"schema":{"@context":"https:\/\/schema.org","@graph":[{"@type":"WebPage","@id":"https:\/\/ibo-group.com\/pt-br\/engenheiros-automotivos\/ibo-engenharia\/","url":"https:\/\/ibo-group.com\/pt-br\/engenheiros-automotivos\/ibo-engenharia\/","name":"Engenheiros automotivos | IBO Group","isPartOf":{"@id":"https:\/\/ibo-group.com\/pt-br\/#website"},"primaryImageOfPage":{"@id":"https:\/\/ibo-group.com\/pt-br\/engenheiros-automotivos\/ibo-engenharia\/#primaryimage"},"image":{"@id":"https:\/\/ibo-group.com\/pt-br\/engenheiros-automotivos\/ibo-engenharia\/#primaryimage"},"thumbnailUrl":"https:\/\/ibo-group.com\/wp-content\/uploads\/Barcelona-1.webp","datePublished":"2021-12-14T15:44:27+00:00","dateModified":"2022-06-16T09:43:35+00:00","description":"Somos um grupo de empresas com engenheiros automotivos dedicados ao design industrial e conceitual, desenvolvimento e pesquisa de componentes de ve\u00edculos.","breadcrumb":{"@id":"https:\/\/ibo-group.com\/pt-br\/engenheiros-automotivos\/ibo-engenharia\/#breadcrumb"},"inLanguage":"pt-BR","potentialAction":[{"@type":"ReadAction","target":["https:\/\/ibo-group.com\/pt-br\/engenheiros-automotivos\/ibo-engenharia\/"]}]},{"@type":"ImageObject","inLanguage":"pt-BR","@id":"https:\/\/ibo-group.com\/pt-br\/engenheiros-automotivos\/ibo-engenharia\/#primaryimage","url":"https:\/\/ibo-group.com\/wp-content\/uploads\/Barcelona-1.webp","contentUrl":"https:\/\/ibo-group.com\/wp-content\/uploads\/Barcelona-1.webp","width":1920,"height":287},{"@type":"BreadcrumbList","@id":"https:\/\/ibo-group.com\/pt-br\/engenheiros-automotivos\/ibo-engenharia\/#breadcrumb","itemListElement":[{"@type":"ListItem","position":1,"name":"Home","item":"https:\/\/ibo-group.com\/pt-br\/"},{"@type":"ListItem","position":2,"name":"IBO Group","item":"https:\/\/ibo-group.com\/pt-br\/engenheiros-automotivos\/"},{"@type":"ListItem","position":3,"name":"IBO Engineering"}]},{"@type":"WebSite","@id":"https:\/\/ibo-group.com\/pt-br\/#website","url":"https:\/\/ibo-group.com\/pt-br\/","name":"Ibo Group - Ingenier\u00eda y dise\u00f1o para automoci\u00f3n","description":"Oficina de ingenier\u00eda. Dise\u00f1o, investigaci\u00f3n y desarrollo de componentes; especializados en el sector de la automoci\u00f3n.","potentialAction":[{"@type":"SearchAction","target":{"@type":"EntryPoint","urlTemplate":"https:\/\/ibo-group.com\/pt-br\/?s={search_term_string}"},"query-input":{"@type":"PropertyValueSpecification","valueRequired":true,"valueName":"search_term_string"}}],"inLanguage":"pt-BR"}]}},"_links":{"self":[{"href":"https:\/\/ibo-group.com\/pt-br\/wp-json\/wp\/v2\/pages\/3637","targetHints":{"allow":["GET"]}}],"collection":[{"href":"https:\/\/ibo-group.com\/pt-br\/wp-json\/wp\/v2\/pages"}],"about":[{"href":"https:\/\/ibo-group.com\/pt-br\/wp-json\/wp\/v2\/types\/page"}],"author":[{"embeddable":true,"href":"https:\/\/ibo-group.com\/pt-br\/wp-json\/wp\/v2\/users\/1"}],"replies":[{"embeddable":true,"href":"https:\/\/ibo-group.com\/pt-br\/wp-json\/wp\/v2\/comments?post=3637"}],"version-history":[{"count":0,"href":"https:\/\/ibo-group.com\/pt-br\/wp-json\/wp\/v2\/pages\/3637\/revisions"}],"up":[{"embeddable":true,"href":"https:\/\/ibo-group.com\/pt-br\/wp-json\/wp\/v2\/pages\/3633"}],"wp:featuredmedia":[{"embeddable":true,"href":"https:\/\/ibo-group.com\/pt-br\/wp-json\/wp\/v2\/media\/3314"}],"wp:attachment":[{"href":"https:\/\/ibo-group.com\/pt-br\/wp-json\/wp\/v2\/media?parent=3637"}],"curies":[{"name":"wp","href":"https:\/\/api.w.org\/{rel}","templated":true}]}}