{"id":3633,"date":"2021-12-14T09:39:49","date_gmt":"2021-12-14T09:39:49","guid":{"rendered":"https:\/\/ibo-group.pruebasweb.com.es\/ingenieros-de-automocion\/"},"modified":"2022-06-16T09:33:59","modified_gmt":"2022-06-16T09:33:59","slug":"engenheiros-automotivos","status":"publish","type":"page","link":"https:\/\/ibo-group.com\/pt-br\/engenheiros-automotivos\/","title":{"rendered":"IBO Group"},"content":{"rendered":"<div class=\"fusion-fullwidth fullwidth-box fusion-builder-row-1 fusion-flex-container nonhundred-percent-fullwidth non-hundred-percent-height-scrolling\" style=\"--awb-background-position:left center;--awb-border-sizes-top:0px;--awb-border-sizes-bottom:0px;--awb-border-sizes-left:0px;--awb-border-sizes-right:0px;--awb-border-radius-top-left:0px;--awb-border-radius-top-right:0px;--awb-border-radius-bottom-right:0px;--awb-border-radius-bottom-left:0px;--awb-padding-top:3%;--awb-padding-bottom:4%;--awb-padding-bottom-medium:62px;--awb-flex-wrap:wrap;\" ><div class=\"fusion-builder-row fusion-row fusion-flex-align-items-flex-end fusion-flex-justify-content-center fusion-flex-content-wrap\" style=\"max-width:1331.2px;margin-left: calc(-4% \/ 2 );margin-right: calc(-4% \/ 2 );\"><div class=\"fusion-layout-column fusion_builder_column fusion-builder-column-0 fusion_builder_column_2_5 2_5 fusion-flex-column\" style=\"--awb-bg-size:cover;--awb-width-large:40%;--awb-margin-top-large:0px;--awb-spacing-right-large:6.4%;--awb-margin-bottom-large:20px;--awb-spacing-left-large:4.8%;--awb-width-medium:40%;--awb-order-medium:0;--awb-spacing-right-medium:6.4%;--awb-spacing-left-medium:4.8%;--awb-width-small:100%;--awb-order-small:0;--awb-spacing-right-small:2.56%;--awb-spacing-left-small:1.92%;\"><div class=\"fusion-column-wrapper fusion-column-has-shadow fusion-flex-justify-content-flex-start fusion-content-layout-column\"><div class=\"fusion-title title fusion-title-1 fusion-sep-none fusion-title-text fusion-title-size-one\" style=\"--awb-margin-bottom:10px;--awb-margin-top-small:10px;--awb-margin-right-small:0px;--awb-margin-bottom-small:10px;--awb-margin-left-small:0px;\"><h1 class=\"fusion-title-heading title-heading-left\" style=\"margin:0;text-transform:uppercase;\"><p>IBO Group<span style=\"color: #b09170;\"><br \/>\n<\/span><\/p><\/h1><\/div><div class=\"fusion-separator fusion-full-width-sep\" style=\"align-self: center;margin-left: auto;margin-right: auto;margin-top:10px;margin-bottom:10px;width:100%;\"><div class=\"fusion-separator-border sep-single sep-solid\" style=\"--awb-height:20px;--awb-amount:20px;--awb-sep-color:#000000;border-color:#000000;border-top-width:1px;\"><\/div><\/div><div class=\"fusion-title title fusion-title-2 fusion-sep-none fusion-title-text fusion-title-size-div\" style=\"--awb-text-color:#161f29;--awb-margin-bottom:10px;--awb-margin-top-small:10px;--awb-margin-right-small:0px;--awb-margin-bottom-small:10px;--awb-margin-left-small:0px;--awb-font-size:30px;\"><div class=\"fusion-title-heading title-heading-left title-heading-tag\" style=\"margin:0;font-size:1em;line-height:1.2;\"><p id=\"E517\" class=\"x-scope qowt-word-para-1\"><span id=\"E518\">Design industrial e conceitual<\/span><\/p><\/div><\/div><div class=\"fusion-separator fusion-full-width-sep\" style=\"align-self: center;margin-left: auto;margin-right: auto;margin-top:10px;margin-bottom:30px;width:100%;\"><div class=\"fusion-separator-border sep-single sep-solid\" style=\"--awb-height:20px;--awb-amount:20px;--awb-sep-color:#000000;border-color:#000000;border-top-width:1px;\"><\/div><\/div><div class=\"fusion-text fusion-text-1\" style=\"--awb-text-transform:none;\"><p><span id=\"E521\">O <\/span><span id=\"E522\">IBO Group<\/span><span id=\"E523\"> dedica-se <\/span><span id=\"E524\">ao design <\/span><span id=\"E525\">industrial e conce<\/span><span id=\"E526\">i<\/span><span id=\"E527\">tual, desenvolvimento e <\/span><span id=\"E528\">pesquisa<\/span><span id=\"E529\"> <\/span><span id=\"E530\">de todos os tipos de elementos, <\/span><span id=\"E531\">objeto<\/span><span id=\"E532\">s e componentes, bem como de ve\u00edculos completos no <\/span><span id=\"E533\">setor automotivo<\/span><span id=\"E534\">.<\/span><\/p>\n<\/div><div class=\"fusion-text fusion-text-2 fusion-no-small-visibility\" style=\"--awb-text-transform:none;\"><p><span id=\"E537\">O <\/span><span id=\"E538\">IBO Group<\/span><span id=\"E539\"> \u00e9 composto pelas seguintes empresas:<\/span><\/p>\n<\/div><ul style=\"--awb-size:18px;--awb-iconcolor:var(--awb-color7);--awb-textcolor:var(--awb-color7);--awb-line-height:30.6px;--awb-icon-width:30.6px;--awb-icon-height:30.6px;--awb-icon-margin:12.6px;--awb-content-margin:43.2px;\" class=\"fusion-checklist fusion-checklist-1 fusion-checklist-default type-icons\"><li class=\"fusion-li-item\" style=\"\"><span class=\"icon-wrapper circle-no\"><i class=\"fusion-li-icon fa-car fas\" aria-hidden=\"true\"><\/i><\/span><div class=\"fusion-li-item-content\">\n<p><strong>1998.<\/strong> IBO Engineering, S.L.U. (sede) Abrera (Barcelona, Espanha)<\/p>\n<\/div><\/li><li class=\"fusion-li-item\" style=\"\"><span class=\"icon-wrapper circle-no\"><i class=\"fusion-li-icon fa-car fas\" aria-hidden=\"true\"><\/i><\/span><div class=\"fusion-li-item-content\">\n<p><strong>2006<\/strong>. IBO do Brasil Projetos e Desenhos Ltda., Curitiba &#8211; Paran\u00e1 (Brasil)<\/p>\n<\/div><\/li><li class=\"fusion-li-item\" style=\"\"><span class=\"icon-wrapper circle-no\"><i class=\"fusion-li-icon fa-car fas\" aria-hidden=\"true\"><\/i><\/span><div class=\"fusion-li-item-content\">\n<p><strong>2008<\/strong>. IBO-D GmbH, Gifhorn (Alemanha)<\/p>\n<\/div><\/li><li class=\"fusion-li-item\" style=\"\"><span class=\"icon-wrapper circle-no\"><i class=\"fusion-li-icon fa-car fas\" aria-hidden=\"true\"><\/i><\/span><div class=\"fusion-li-item-content\">\n<p><strong>2013.<\/strong> IBO NA S. de R.L. de C.V. Puebla (M\u00e9xico)<\/p>\n<\/div><\/li><\/ul><\/div><\/div><div class=\"fusion-layout-column fusion_builder_column fusion-builder-column-1 fusion_builder_column_2_5 2_5 fusion-flex-column fusion-animated\" style=\"--awb-bg-size:cover;--awb-width-large:40%;--awb-margin-top-large:0px;--awb-spacing-right-large:6.4%;--awb-margin-bottom-large:20px;--awb-spacing-left-large:4.8%;--awb-width-medium:40%;--awb-order-medium:0;--awb-spacing-right-medium:6.4%;--awb-spacing-left-medium:4.8%;--awb-width-small:100%;--awb-order-small:0;--awb-spacing-right-small:2.56%;--awb-spacing-left-small:1.92%;\" data-animationType=\"flipiny\" data-animationDuration=\"0.1\" data-animationOffset=\"top-into-view\"><div class=\"fusion-column-wrapper fusion-column-has-shadow fusion-flex-justify-content-flex-start fusion-content-layout-column\"><\/div><\/div><\/div><\/div>\n","protected":false},"excerpt":{"rendered":"","protected":false},"author":1,"featured_media":3311,"parent":0,"menu_order":0,"comment_status":"closed","ping_status":"closed","template":"100-width.php","meta":{"footnotes":""},"class_list":["post-3633","page","type-page","status-publish","has-post-thumbnail","hentry"],"yoast_head":"<!-- This site is optimized with the Yoast SEO plugin v27.4 - https:\/\/yoast.com\/product\/yoast-seo-wordpress\/ -->\n<title>Engenheiros automotivos | IBO Group<\/title>\n<meta name=\"description\" content=\"Somos um grupo de empresas com engenheiros automotivos dedicados ao design industrial e conceitual, desenvolvimento e pesquisa de componentes de ve\u00edculos.\" \/>\n<meta name=\"robots\" content=\"index, follow, max-snippet:-1, max-image-preview:large, max-video-preview:-1\" \/>\n<link rel=\"canonical\" href=\"https:\/\/ibo-group.com\/pt-br\/engenheiros-automotivos\/\" \/>\n<meta property=\"og:locale\" content=\"pt_BR\" \/>\n<meta property=\"og:type\" content=\"article\" \/>\n<meta property=\"og:title\" content=\"Engenheiros automotivos | IBO Group\" \/>\n<meta property=\"og:description\" content=\"Somos um grupo de empresas com engenheiros automotivos dedicados ao design industrial e conceitual, desenvolvimento e pesquisa de componentes de ve\u00edculos.\" \/>\n<meta property=\"og:url\" content=\"https:\/\/ibo-group.com\/pt-br\/engenheiros-automotivos\/\" \/>\n<meta property=\"og:site_name\" content=\"Ibo Group - Ingenier\u00eda y dise\u00f1o para automoci\u00f3n\" \/>\n<meta property=\"article:modified_time\" content=\"2022-06-16T09:33:59+00:00\" \/>\n<meta property=\"og:image\" content=\"https:\/\/ibo-group.com\/wp-content\/uploads\/contacto-3.webp\" \/>\n\t<meta property=\"og:image:width\" content=\"1920\" \/>\n\t<meta property=\"og:image:height\" content=\"287\" \/>\n\t<meta property=\"og:image:type\" content=\"image\/webp\" \/>\n<meta name=\"twitter:card\" content=\"summary_large_image\" \/>\n<meta name=\"twitter:label1\" content=\"Est. tempo de leitura\" \/>\n\t<meta name=\"twitter:data1\" content=\"7 minutos\" \/>\n<script type=\"application\/ld+json\" class=\"yoast-schema-graph\">{\"@context\":\"https:\\\/\\\/schema.org\",\"@graph\":[{\"@type\":\"WebPage\",\"@id\":\"https:\\\/\\\/ibo-group.com\\\/pt-br\\\/engenheiros-automotivos\\\/\",\"url\":\"https:\\\/\\\/ibo-group.com\\\/pt-br\\\/engenheiros-automotivos\\\/\",\"name\":\"Engenheiros automotivos | IBO Group\",\"isPartOf\":{\"@id\":\"https:\\\/\\\/ibo-group.com\\\/pt-br\\\/#website\"},\"primaryImageOfPage\":{\"@id\":\"https:\\\/\\\/ibo-group.com\\\/pt-br\\\/engenheiros-automotivos\\\/#primaryimage\"},\"image\":{\"@id\":\"https:\\\/\\\/ibo-group.com\\\/pt-br\\\/engenheiros-automotivos\\\/#primaryimage\"},\"thumbnailUrl\":\"https:\\\/\\\/ibo-group.com\\\/wp-content\\\/uploads\\\/contacto-3.webp\",\"datePublished\":\"2021-12-14T09:39:49+00:00\",\"dateModified\":\"2022-06-16T09:33:59+00:00\",\"description\":\"Somos um grupo de empresas com engenheiros automotivos dedicados ao design industrial e conceitual, desenvolvimento e pesquisa de componentes de ve\u00edculos.\",\"breadcrumb\":{\"@id\":\"https:\\\/\\\/ibo-group.com\\\/pt-br\\\/engenheiros-automotivos\\\/#breadcrumb\"},\"inLanguage\":\"pt-BR\",\"potentialAction\":[{\"@type\":\"ReadAction\",\"target\":[\"https:\\\/\\\/ibo-group.com\\\/pt-br\\\/engenheiros-automotivos\\\/\"]}]},{\"@type\":\"ImageObject\",\"inLanguage\":\"pt-BR\",\"@id\":\"https:\\\/\\\/ibo-group.com\\\/pt-br\\\/engenheiros-automotivos\\\/#primaryimage\",\"url\":\"https:\\\/\\\/ibo-group.com\\\/wp-content\\\/uploads\\\/contacto-3.webp\",\"contentUrl\":\"https:\\\/\\\/ibo-group.com\\\/wp-content\\\/uploads\\\/contacto-3.webp\",\"width\":1920,\"height\":287},{\"@type\":\"BreadcrumbList\",\"@id\":\"https:\\\/\\\/ibo-group.com\\\/pt-br\\\/engenheiros-automotivos\\\/#breadcrumb\",\"itemListElement\":[{\"@type\":\"ListItem\",\"position\":1,\"name\":\"Home\",\"item\":\"https:\\\/\\\/ibo-group.com\\\/pt-br\\\/\"},{\"@type\":\"ListItem\",\"position\":2,\"name\":\"IBO Group\"}]},{\"@type\":\"WebSite\",\"@id\":\"https:\\\/\\\/ibo-group.com\\\/pt-br\\\/#website\",\"url\":\"https:\\\/\\\/ibo-group.com\\\/pt-br\\\/\",\"name\":\"Ibo Group - Ingenier\u00eda y dise\u00f1o para automoci\u00f3n\",\"description\":\"Oficina de ingenier\u00eda. Dise\u00f1o, investigaci\u00f3n y desarrollo de componentes; especializados en el sector de la automoci\u00f3n.\",\"potentialAction\":[{\"@type\":\"SearchAction\",\"target\":{\"@type\":\"EntryPoint\",\"urlTemplate\":\"https:\\\/\\\/ibo-group.com\\\/pt-br\\\/?s={search_term_string}\"},\"query-input\":{\"@type\":\"PropertyValueSpecification\",\"valueRequired\":true,\"valueName\":\"search_term_string\"}}],\"inLanguage\":\"pt-BR\"}]}<\/script>\n<!-- \/ Yoast SEO plugin. -->","yoast_head_json":{"title":"Engenheiros automotivos | IBO Group","description":"Somos um grupo de empresas com engenheiros automotivos dedicados ao design industrial e conceitual, desenvolvimento e pesquisa de componentes de ve\u00edculos.","robots":{"index":"index","follow":"follow","max-snippet":"max-snippet:-1","max-image-preview":"max-image-preview:large","max-video-preview":"max-video-preview:-1"},"canonical":"https:\/\/ibo-group.com\/pt-br\/engenheiros-automotivos\/","og_locale":"pt_BR","og_type":"article","og_title":"Engenheiros automotivos | IBO Group","og_description":"Somos um grupo de empresas com engenheiros automotivos dedicados ao design industrial e conceitual, desenvolvimento e pesquisa de componentes de ve\u00edculos.","og_url":"https:\/\/ibo-group.com\/pt-br\/engenheiros-automotivos\/","og_site_name":"Ibo Group - Ingenier\u00eda y dise\u00f1o para automoci\u00f3n","article_modified_time":"2022-06-16T09:33:59+00:00","og_image":[{"width":1920,"height":287,"url":"https:\/\/ibo-group.com\/wp-content\/uploads\/contacto-3.webp","type":"image\/webp"}],"twitter_card":"summary_large_image","twitter_misc":{"Est. tempo de leitura":"7 minutos"},"schema":{"@context":"https:\/\/schema.org","@graph":[{"@type":"WebPage","@id":"https:\/\/ibo-group.com\/pt-br\/engenheiros-automotivos\/","url":"https:\/\/ibo-group.com\/pt-br\/engenheiros-automotivos\/","name":"Engenheiros automotivos | IBO Group","isPartOf":{"@id":"https:\/\/ibo-group.com\/pt-br\/#website"},"primaryImageOfPage":{"@id":"https:\/\/ibo-group.com\/pt-br\/engenheiros-automotivos\/#primaryimage"},"image":{"@id":"https:\/\/ibo-group.com\/pt-br\/engenheiros-automotivos\/#primaryimage"},"thumbnailUrl":"https:\/\/ibo-group.com\/wp-content\/uploads\/contacto-3.webp","datePublished":"2021-12-14T09:39:49+00:00","dateModified":"2022-06-16T09:33:59+00:00","description":"Somos um grupo de empresas com engenheiros automotivos dedicados ao design industrial e conceitual, desenvolvimento e pesquisa de componentes de ve\u00edculos.","breadcrumb":{"@id":"https:\/\/ibo-group.com\/pt-br\/engenheiros-automotivos\/#breadcrumb"},"inLanguage":"pt-BR","potentialAction":[{"@type":"ReadAction","target":["https:\/\/ibo-group.com\/pt-br\/engenheiros-automotivos\/"]}]},{"@type":"ImageObject","inLanguage":"pt-BR","@id":"https:\/\/ibo-group.com\/pt-br\/engenheiros-automotivos\/#primaryimage","url":"https:\/\/ibo-group.com\/wp-content\/uploads\/contacto-3.webp","contentUrl":"https:\/\/ibo-group.com\/wp-content\/uploads\/contacto-3.webp","width":1920,"height":287},{"@type":"BreadcrumbList","@id":"https:\/\/ibo-group.com\/pt-br\/engenheiros-automotivos\/#breadcrumb","itemListElement":[{"@type":"ListItem","position":1,"name":"Home","item":"https:\/\/ibo-group.com\/pt-br\/"},{"@type":"ListItem","position":2,"name":"IBO Group"}]},{"@type":"WebSite","@id":"https:\/\/ibo-group.com\/pt-br\/#website","url":"https:\/\/ibo-group.com\/pt-br\/","name":"Ibo Group - Ingenier\u00eda y dise\u00f1o para automoci\u00f3n","description":"Oficina de ingenier\u00eda. Dise\u00f1o, investigaci\u00f3n y desarrollo de componentes; especializados en el sector de la automoci\u00f3n.","potentialAction":[{"@type":"SearchAction","target":{"@type":"EntryPoint","urlTemplate":"https:\/\/ibo-group.com\/pt-br\/?s={search_term_string}"},"query-input":{"@type":"PropertyValueSpecification","valueRequired":true,"valueName":"search_term_string"}}],"inLanguage":"pt-BR"}]}},"_links":{"self":[{"href":"https:\/\/ibo-group.com\/pt-br\/wp-json\/wp\/v2\/pages\/3633","targetHints":{"allow":["GET"]}}],"collection":[{"href":"https:\/\/ibo-group.com\/pt-br\/wp-json\/wp\/v2\/pages"}],"about":[{"href":"https:\/\/ibo-group.com\/pt-br\/wp-json\/wp\/v2\/types\/page"}],"author":[{"embeddable":true,"href":"https:\/\/ibo-group.com\/pt-br\/wp-json\/wp\/v2\/users\/1"}],"replies":[{"embeddable":true,"href":"https:\/\/ibo-group.com\/pt-br\/wp-json\/wp\/v2\/comments?post=3633"}],"version-history":[{"count":0,"href":"https:\/\/ibo-group.com\/pt-br\/wp-json\/wp\/v2\/pages\/3633\/revisions"}],"wp:featuredmedia":[{"embeddable":true,"href":"https:\/\/ibo-group.com\/pt-br\/wp-json\/wp\/v2\/media\/3311"}],"wp:attachment":[{"href":"https:\/\/ibo-group.com\/pt-br\/wp-json\/wp\/v2\/media?parent=3633"}],"curies":[{"name":"wp","href":"https:\/\/api.w.org\/{rel}","templated":true}]}}