{"id":3580,"date":"2021-11-26T12:55:41","date_gmt":"2021-11-26T12:55:41","guid":{"rendered":"https:\/\/ibo-group.pruebasweb.com.es\/development-of-vehicles-and-components\/soporte-en-homologaciones\/"},"modified":"2022-07-13T08:21:49","modified_gmt":"2022-07-13T08:21:49","slug":"homologations-support","status":"publish","type":"page","link":"https:\/\/ibo-group.com\/en\/development-of-vehicles-and-components\/homologations-support\/","title":{"rendered":"Homologations"},"content":{"rendered":"<p><div class=\"fusion-fullwidth fullwidth-box fusion-builder-row-1 fusion-flex-container video-background hundred-percent-fullwidth non-hundred-percent-height-scrolling\" style=\"--awb-border-color:var(--awb-color1);--awb-border-radius-top-left:0px;--awb-border-radius-top-right:0px;--awb-border-radius-bottom-right:0px;--awb-border-radius-bottom-left:0px;--awb-padding-top:0vw;--awb-padding-right:0px;--awb-padding-bottom:0px;--awb-padding-left:0px;--awb-padding-right-small:10px;--awb-padding-left-small:10px;--awb-margin-top:-140px;--awb-margin-bottom:40px;--awb-margin-top-small:0px;--awb-min-height:100vh;--awb-min-height-small:26vh;--awb-flex-wrap:wrap;--awb-box-shadow:0px -7px 12px 0px var(--awb-color8);\" ><div class=\"fullwidth-video\"><video preload=\"auto\" autoplay playsinline loop muted><source src=\"\/videos\/VVIDEO%20PORTADA.mp4\" type=\"video\/mp4\"><\/video><\/div><div class=\"fusion-builder-row fusion-row fusion-flex-align-items-flex-end fusion-flex-align-content-flex-end fusion-flex-justify-content-space-between fusion-flex-content-wrap\" style=\"width:104% !important;max-width:104% !important;margin-left: calc(-4% \/ 2 );margin-right: calc(-4% \/ 2 );\"><div class=\"fusion-layout-column fusion_builder_column fusion-builder-column-0 fusion_builder_column_1_1 1_1 fusion-flex-column fusion-flex-align-self-center fusion-animated\" style=\"--awb-padding-top:0%;--awb-padding-bottom:0px;--awb-padding-right-small:0px;--awb-padding-left-small:0px;--awb-bg-size:cover;--awb-width-large:100%;--awb-margin-top-large:0px;--awb-spacing-right-large:1.92%;--awb-margin-bottom-large:0px;--awb-spacing-left-large:1.92%;--awb-width-medium:100%;--awb-order-medium:0;--awb-spacing-right-medium:1.92%;--awb-spacing-left-medium:1.92%;--awb-width-small:100%;--awb-order-small:0;--awb-spacing-right-small:0px;--awb-margin-bottom-small:0px;--awb-spacing-left-small:0px;\" data-animationType=\"fadeInUp\" data-animationDuration=\"0.8\" data-animationOffset=\"top-into-view\"><div class=\"fusion-column-wrapper fusion-column-has-shadow fusion-flex-justify-content-center fusion-content-layout-column\"><\/div><\/div><div class=\"fusion-layout-column fusion_builder_column fusion-builder-column-1 fusion_builder_column_1_2 1_2 fusion-flex-column migapan\" style=\"--awb-padding-left:4%;--awb-overflow:hidden;--awb-bg-color:var(--awb-color7);--awb-bg-color-hover:var(--awb-color7);--awb-bg-size:cover;--awb-border-color:rgba(0,0,0,0.1);--awb-border-style:solid;--awb-border-radius:0px 50px 0px 0px;--awb-width-large:50%;--awb-margin-top-large:0px;--awb-spacing-right-large:15px;--awb-margin-bottom-large:0px;--awb-spacing-left-large:30px;--awb-width-medium:50%;--awb-order-medium:0;--awb-spacing-right-medium:15px;--awb-spacing-left-medium:30px;--awb-width-small:100%;--awb-order-small:0;--awb-spacing-right-small:1.92%;--awb-spacing-left-small:1.92%;\"><div class=\"fusion-column-wrapper fusion-column-has-shadow fusion-flex-justify-content-flex-end fusion-content-layout-column\"><nav class=\"fusion-breadcrumbs awb-yoast-breadcrumbs fusion-breadcrumbs-1 breadcrumbsmovil\" style=\"--awb-alignment:left;--awb-text-hover-color:var(--awb-color4);--awb-text-color:var(--awb-color1);--awb-breadcrumb-sep:&#039;\u2192&#039;;text-align:left;\" aria-label=\"Breadcrumb\"><ol class=\"awb-breadcrumb-list\"><li class=\"fusion-breadcrumb-item awb-breadcrumb-sep awb-home\" ><a href=\"https:\/\/ibo-group.com\/en\/\" class=\"fusion-breadcrumb-link\"><span >Home<\/span><\/a><\/li><\/ol><\/nav><\/div><\/div><\/div><\/div><div class=\"fusion-fullwidth fullwidth-box fusion-builder-row-2 fusion-flex-container nonhundred-percent-fullwidth non-hundred-percent-height-scrolling\" style=\"--awb-background-position:left center;--awb-border-sizes-top:0px;--awb-border-sizes-bottom:0px;--awb-border-sizes-left:0px;--awb-border-sizes-right:0px;--awb-border-radius-top-left:0px;--awb-border-radius-top-right:0px;--awb-border-radius-bottom-right:0px;--awb-border-radius-bottom-left:0px;--awb-padding-top:4%;--awb-padding-bottom:4%;--awb-padding-bottom-medium:62px;--awb-padding-top-small:1%;--awb-flex-wrap:wrap;\" ><div class=\"fusion-builder-row fusion-row fusion-flex-align-items-flex-end fusion-flex-justify-content-center fusion-flex-content-wrap\" style=\"max-width:1331.2px;margin-left: calc(-4% \/ 2 );margin-right: calc(-4% \/ 2 );\"><div class=\"fusion-layout-column fusion_builder_column fusion-builder-column-2 fusion_builder_column_2_3 2_3 fusion-flex-column\" style=\"--awb-bg-size:cover;--awb-width-large:66.666666666667%;--awb-margin-top-large:0px;--awb-spacing-right-large:3.84%;--awb-margin-bottom-large:20px;--awb-spacing-left-large:2.88%;--awb-width-medium:66.666666666667%;--awb-order-medium:0;--awb-spacing-right-medium:3.84%;--awb-spacing-left-medium:2.88%;--awb-width-small:100%;--awb-order-small:0;--awb-spacing-right-small:2.56%;--awb-spacing-left-small:1.92%;\"><div class=\"fusion-column-wrapper fusion-column-has-shadow fusion-flex-justify-content-flex-start fusion-content-layout-column\"><div class=\"fusion-title title fusion-title-1 fusion-sep-none fusion-title-text fusion-title-size-two\" style=\"--awb-margin-bottom:30px;--awb-margin-top-small:10px;--awb-margin-right-small:0px;--awb-margin-bottom-small:10px;--awb-margin-left-small:0px;\"><h2 class=\"fusion-title-heading title-heading-left\" style=\"margin:0;text-transform:uppercase;\">Homologations<\/h2><\/div><div class=\"fusion-title title fusion-title-2 fusion-sep-none fusion-title-text fusion-title-size-div fusion-animated\" style=\"--awb-margin-bottom:10px;--awb-margin-top-small:10px;--awb-margin-right-small:0px;--awb-margin-bottom-small:10px;--awb-margin-left-small:0px;--awb-font-size:18px;\" data-animationType=\"fadeInLeft\" data-animationDuration=\"1.7\" data-animationOffset=\"bottom-in-view\"><div class=\"fusion-title-heading title-heading-left title-heading-tag\" style=\"margin:0;text-transform:uppercase;font-size:1em;\">#Type Approval Tests #Technical conformity #Whole vehicle certification #Emission testing #Product modifications conformity<\/div><\/div><div class=\"fusion-separator fusion-full-width-sep\" style=\"align-self: center;margin-left: auto;margin-right: auto;margin-top:10px;margin-bottom:10px;width:100%;\"><div class=\"fusion-separator-border sep-single sep-solid\" style=\"--awb-height:20px;--awb-amount:20px;--awb-sep-color:#161f29;border-color:#161f29;border-top-width:1px;\"><\/div><\/div><div class=\"fusion-title title fusion-title-3 fusion-sep-none fusion-title-text fusion-title-size-div\" style=\"--awb-margin-bottom:10px;--awb-margin-top-small:10px;--awb-margin-right-small:0px;--awb-margin-bottom-small:10px;--awb-margin-left-small:0px;--awb-font-size:30px;\"><div class=\"fusion-title-heading title-heading-left title-heading-tag\" style=\"margin:0;font-size:1em;line-height:1.2;\">Documents and supports homologation processes<\/div><\/div><div class=\"fusion-separator fusion-full-width-sep\" style=\"align-self: center;margin-left: auto;margin-right: auto;margin-top:10px;margin-bottom:30px;width:100%;\"><div class=\"fusion-separator-border sep-single sep-solid\" style=\"--awb-height:20px;--awb-amount:20px;--awb-sep-color:#161f29;border-color:#161f29;border-top-width:1px;\"><\/div><\/div><div class=\"fusion-text fusion-text-1\" style=\"--awb-content-alignment:justify;--awb-text-transform:none;\"><p>We provide comprehensive support in the homologation process and in its corresponding planning, in the emissions field, active safety, passive safety and functions. We prepare manufacturer&#8217;s documentation in order to obtain official Homologation certificates, both for European countries and for international markets.<\/p>\n<p>We collaborate in the preparation of the necessary documentation so that importers can manage the registration of vehicles. We support vehicle change control and resource management. We evaluate the need for approval resulting from a vehicle modification. We value the necessary activities and resources to carry out the homologation of these modifications. We track the resources needed to carry out the approval process.<\/p>\n<\/div><\/div><\/div><\/div><\/div><\/p>\n","protected":false},"excerpt":{"rendered":"","protected":false},"author":1,"featured_media":0,"parent":3571,"menu_order":0,"comment_status":"closed","ping_status":"closed","template":"100-width.php","meta":{"footnotes":""},"class_list":["post-3580","page","type-page","status-publish","hentry"],"yoast_head":"<!-- This site is optimized with the Yoast SEO plugin v27.4 - https:\/\/yoast.com\/product\/yoast-seo-wordpress\/ -->\n<title>Homologation support of vehicles and modifications | IBO Group<\/title>\n<meta name=\"description\" content=\"We support homologation for vehicles and modifications, in emissions and safety fields. We prepare documentation for official certificates.\" \/>\n<meta name=\"robots\" content=\"index, follow, max-snippet:-1, max-image-preview:large, max-video-preview:-1\" \/>\n<link rel=\"canonical\" href=\"https:\/\/ibo-group.com\/en\/development-of-vehicles-and-components\/homologations-support\/\" \/>\n<meta property=\"og:locale\" content=\"en_US\" \/>\n<meta property=\"og:type\" content=\"article\" \/>\n<meta property=\"og:title\" content=\"Homologation support of vehicles and modifications | IBO Group\" \/>\n<meta property=\"og:description\" content=\"We support homologation for vehicles and modifications, in emissions and safety fields. We prepare documentation for official certificates.\" \/>\n<meta property=\"og:url\" content=\"https:\/\/ibo-group.com\/en\/development-of-vehicles-and-components\/homologations-support\/\" \/>\n<meta property=\"og:site_name\" content=\"Ibo Group - Ingenier\u00eda y dise\u00f1o para automoci\u00f3n\" \/>\n<meta property=\"article:modified_time\" content=\"2022-07-13T08:21:49+00:00\" \/>\n<meta name=\"twitter:card\" content=\"summary_large_image\" \/>\n<meta name=\"twitter:label1\" content=\"Est. reading time\" \/>\n\t<meta name=\"twitter:data1\" content=\"5 minutes\" \/>\n<script type=\"application\/ld+json\" class=\"yoast-schema-graph\">{\"@context\":\"https:\\\/\\\/schema.org\",\"@graph\":[{\"@type\":\"WebPage\",\"@id\":\"https:\\\/\\\/ibo-group.com\\\/en\\\/development-of-vehicles-and-components\\\/homologations-support\\\/\",\"url\":\"https:\\\/\\\/ibo-group.com\\\/en\\\/development-of-vehicles-and-components\\\/homologations-support\\\/\",\"name\":\"Homologation support of vehicles and modifications | IBO Group\",\"isPartOf\":{\"@id\":\"https:\\\/\\\/ibo-group.com\\\/en\\\/#website\"},\"datePublished\":\"2021-11-26T12:55:41+00:00\",\"dateModified\":\"2022-07-13T08:21:49+00:00\",\"description\":\"We support homologation for vehicles and modifications, in emissions and safety fields. We prepare documentation for official certificates.\",\"breadcrumb\":{\"@id\":\"https:\\\/\\\/ibo-group.com\\\/en\\\/development-of-vehicles-and-components\\\/homologations-support\\\/#breadcrumb\"},\"inLanguage\":\"en-US\",\"potentialAction\":[{\"@type\":\"ReadAction\",\"target\":[\"https:\\\/\\\/ibo-group.com\\\/en\\\/development-of-vehicles-and-components\\\/homologations-support\\\/\"]}]},{\"@type\":\"BreadcrumbList\",\"@id\":\"https:\\\/\\\/ibo-group.com\\\/en\\\/development-of-vehicles-and-components\\\/homologations-support\\\/#breadcrumb\",\"itemListElement\":[{\"@type\":\"ListItem\",\"position\":1,\"name\":\"Home\",\"item\":\"https:\\\/\\\/ibo-group.com\\\/en\\\/\"},{\"@type\":\"ListItem\",\"position\":2,\"name\":\"Services\",\"item\":\"https:\\\/\\\/ibo-group.com\\\/en\\\/development-of-vehicles-and-components\\\/\"},{\"@type\":\"ListItem\",\"position\":3,\"name\":\"Homologations\"}]},{\"@type\":\"WebSite\",\"@id\":\"https:\\\/\\\/ibo-group.com\\\/en\\\/#website\",\"url\":\"https:\\\/\\\/ibo-group.com\\\/en\\\/\",\"name\":\"Ibo Group - Ingenier\u00eda y dise\u00f1o para automoci\u00f3n\",\"description\":\"Oficina de ingenier\u00eda. Dise\u00f1o, investigaci\u00f3n y desarrollo de componentes; especializados en el sector de la automoci\u00f3n.\",\"potentialAction\":[{\"@type\":\"SearchAction\",\"target\":{\"@type\":\"EntryPoint\",\"urlTemplate\":\"https:\\\/\\\/ibo-group.com\\\/en\\\/?s={search_term_string}\"},\"query-input\":{\"@type\":\"PropertyValueSpecification\",\"valueRequired\":true,\"valueName\":\"search_term_string\"}}],\"inLanguage\":\"en-US\"}]}<\/script>\n<!-- \/ Yoast SEO plugin. -->","yoast_head_json":{"title":"Homologation support of vehicles and modifications | IBO Group","description":"We support homologation for vehicles and modifications, in emissions and safety fields. We prepare documentation for official certificates.","robots":{"index":"index","follow":"follow","max-snippet":"max-snippet:-1","max-image-preview":"max-image-preview:large","max-video-preview":"max-video-preview:-1"},"canonical":"https:\/\/ibo-group.com\/en\/development-of-vehicles-and-components\/homologations-support\/","og_locale":"en_US","og_type":"article","og_title":"Homologation support of vehicles and modifications | IBO Group","og_description":"We support homologation for vehicles and modifications, in emissions and safety fields. We prepare documentation for official certificates.","og_url":"https:\/\/ibo-group.com\/en\/development-of-vehicles-and-components\/homologations-support\/","og_site_name":"Ibo Group - Ingenier\u00eda y dise\u00f1o para automoci\u00f3n","article_modified_time":"2022-07-13T08:21:49+00:00","twitter_card":"summary_large_image","twitter_misc":{"Est. reading time":"5 minutes"},"schema":{"@context":"https:\/\/schema.org","@graph":[{"@type":"WebPage","@id":"https:\/\/ibo-group.com\/en\/development-of-vehicles-and-components\/homologations-support\/","url":"https:\/\/ibo-group.com\/en\/development-of-vehicles-and-components\/homologations-support\/","name":"Homologation support of vehicles and modifications | IBO Group","isPartOf":{"@id":"https:\/\/ibo-group.com\/en\/#website"},"datePublished":"2021-11-26T12:55:41+00:00","dateModified":"2022-07-13T08:21:49+00:00","description":"We support homologation for vehicles and modifications, in emissions and safety fields. We prepare documentation for official certificates.","breadcrumb":{"@id":"https:\/\/ibo-group.com\/en\/development-of-vehicles-and-components\/homologations-support\/#breadcrumb"},"inLanguage":"en-US","potentialAction":[{"@type":"ReadAction","target":["https:\/\/ibo-group.com\/en\/development-of-vehicles-and-components\/homologations-support\/"]}]},{"@type":"BreadcrumbList","@id":"https:\/\/ibo-group.com\/en\/development-of-vehicles-and-components\/homologations-support\/#breadcrumb","itemListElement":[{"@type":"ListItem","position":1,"name":"Home","item":"https:\/\/ibo-group.com\/en\/"},{"@type":"ListItem","position":2,"name":"Services","item":"https:\/\/ibo-group.com\/en\/development-of-vehicles-and-components\/"},{"@type":"ListItem","position":3,"name":"Homologations"}]},{"@type":"WebSite","@id":"https:\/\/ibo-group.com\/en\/#website","url":"https:\/\/ibo-group.com\/en\/","name":"Ibo Group - Ingenier\u00eda y dise\u00f1o para automoci\u00f3n","description":"Oficina de ingenier\u00eda. Dise\u00f1o, investigaci\u00f3n y desarrollo de componentes; especializados en el sector de la automoci\u00f3n.","potentialAction":[{"@type":"SearchAction","target":{"@type":"EntryPoint","urlTemplate":"https:\/\/ibo-group.com\/en\/?s={search_term_string}"},"query-input":{"@type":"PropertyValueSpecification","valueRequired":true,"valueName":"search_term_string"}}],"inLanguage":"en-US"}]}},"_links":{"self":[{"href":"https:\/\/ibo-group.com\/en\/wp-json\/wp\/v2\/pages\/3580","targetHints":{"allow":["GET"]}}],"collection":[{"href":"https:\/\/ibo-group.com\/en\/wp-json\/wp\/v2\/pages"}],"about":[{"href":"https:\/\/ibo-group.com\/en\/wp-json\/wp\/v2\/types\/page"}],"author":[{"embeddable":true,"href":"https:\/\/ibo-group.com\/en\/wp-json\/wp\/v2\/users\/1"}],"replies":[{"embeddable":true,"href":"https:\/\/ibo-group.com\/en\/wp-json\/wp\/v2\/comments?post=3580"}],"version-history":[{"count":2,"href":"https:\/\/ibo-group.com\/en\/wp-json\/wp\/v2\/pages\/3580\/revisions"}],"predecessor-version":[{"id":4060,"href":"https:\/\/ibo-group.com\/en\/wp-json\/wp\/v2\/pages\/3580\/revisions\/4060"}],"up":[{"embeddable":true,"href":"https:\/\/ibo-group.com\/en\/wp-json\/wp\/v2\/pages\/3571"}],"wp:attachment":[{"href":"https:\/\/ibo-group.com\/en\/wp-json\/wp\/v2\/media?parent=3580"}],"curies":[{"name":"wp","href":"https:\/\/api.w.org\/{rel}","templated":true}]}}