{"id":3561,"date":"2021-12-14T17:04:56","date_gmt":"2021-12-14T17:04:56","guid":{"rendered":"https:\/\/ibo-group.pruebasweb.com.es\/automotive-engineers\/ibo-do-brasil\/"},"modified":"2022-06-13T09:55:50","modified_gmt":"2022-06-13T09:55:50","slug":"ibo-do-brasil","status":"publish","type":"page","link":"https:\/\/ibo-group.com\/en\/automotive-engineers\/ibo-do-brasil\/","title":{"rendered":"IBO do Brasil"},"content":{"rendered":"<div class=\"fusion-fullwidth fullwidth-box fusion-builder-row-1 fusion-flex-container nonhundred-percent-fullwidth non-hundred-percent-height-scrolling\" style=\"--awb-background-position:left center;--awb-border-sizes-top:0px;--awb-border-sizes-bottom:0px;--awb-border-sizes-left:0px;--awb-border-sizes-right:0px;--awb-border-radius-top-left:0px;--awb-border-radius-top-right:0px;--awb-border-radius-bottom-right:0px;--awb-border-radius-bottom-left:0px;--awb-padding-top:3%;--awb-padding-bottom:4%;--awb-padding-bottom-medium:62px;--awb-flex-wrap:wrap;\" ><div class=\"fusion-builder-row fusion-row fusion-flex-align-items-flex-end fusion-flex-justify-content-center fusion-flex-content-wrap\" style=\"max-width:1331.2px;margin-left: calc(-4% \/ 2 );margin-right: calc(-4% \/ 2 );\"><div class=\"fusion-layout-column fusion_builder_column fusion-builder-column-0 fusion_builder_column_2_5 2_5 fusion-flex-column\" style=\"--awb-bg-size:cover;--awb-width-large:40%;--awb-margin-top-large:0px;--awb-spacing-right-large:6.4%;--awb-margin-bottom-large:20px;--awb-spacing-left-large:4.8%;--awb-width-medium:40%;--awb-order-medium:0;--awb-spacing-right-medium:6.4%;--awb-spacing-left-medium:4.8%;--awb-width-small:100%;--awb-order-small:0;--awb-spacing-right-small:2.56%;--awb-spacing-left-small:1.92%;\"><div class=\"fusion-column-wrapper fusion-column-has-shadow fusion-flex-justify-content-flex-start fusion-content-layout-column\"><div class=\"fusion-title title fusion-title-1 fusion-sep-none fusion-title-text fusion-title-size-one\" style=\"--awb-margin-bottom:10px;--awb-margin-top-small:10px;--awb-margin-right-small:0px;--awb-margin-bottom-small:10px;--awb-margin-left-small:0px;\"><h1 class=\"fusion-title-heading title-heading-left\" style=\"margin:0;text-transform:uppercase;\">IBO do Brasil<\/h1><\/div><div class=\"fusion-separator fusion-full-width-sep\" style=\"align-self: center;margin-left: auto;margin-right: auto;margin-top:10px;margin-bottom:10px;width:100%;\"><div class=\"fusion-separator-border sep-single sep-solid\" style=\"--awb-height:20px;--awb-amount:20px;--awb-sep-color:#000000;border-color:#000000;border-top-width:1px;\"><\/div><\/div><div class=\"fusion-title title fusion-title-2 fusion-sep-none fusion-title-text fusion-title-size-div\" style=\"--awb-text-color:#161f29;--awb-margin-bottom:10px;--awb-margin-top-small:10px;--awb-margin-right-small:0px;--awb-margin-bottom-small:10px;--awb-margin-left-small:0px;--awb-font-size:30px;\"><div class=\"fusion-title-heading title-heading-left title-heading-tag\" style=\"margin:0;font-size:1em;line-height:1.2;\">Projects and designs in South America<\/div><\/div><div class=\"fusion-separator fusion-full-width-sep\" style=\"align-self: center;margin-left: auto;margin-right: auto;margin-top:10px;margin-bottom:30px;width:100%;\"><div class=\"fusion-separator-border sep-single sep-solid\" style=\"--awb-height:20px;--awb-amount:20px;--awb-sep-color:#000000;border-color:#000000;border-top-width:1px;\"><\/div><\/div><div class=\"fusion-text fusion-text-1\" style=\"--awb-content-alignment:justify;--awb-text-transform:none;\"><p>In July 2006 was born IBO do Brasil Projetos y Desenhos Ltda. in Curitiba, Brazil.<\/p>\n<p>The increasingly accentuated growth of the automotive market in South America and the tendency to develop products and production processes close to the areas of manufacturing and consumption encouraged to take this first step towards MERCOSUR.<\/p>\n<p>IBO do Brasil has become the leading partner in the automotive industry.<\/p>\n<\/div><\/div><\/div><div class=\"fusion-layout-column fusion_builder_column fusion-builder-column-1 fusion_builder_column_1_2 1_2 fusion-flex-column fusion-flex-align-self-center\" style=\"--awb-bg-size:cover;--awb-width-large:50%;--awb-margin-top-large:0px;--awb-spacing-right-large:3.84%;--awb-margin-bottom-large:20px;--awb-spacing-left-large:4.608%;--awb-width-medium:50%;--awb-order-medium:0;--awb-spacing-right-medium:3.84%;--awb-spacing-left-medium:4.608%;--awb-width-small:100%;--awb-order-small:0;--awb-spacing-right-small:1.92%;--awb-spacing-left-small:1.92%;\"><div class=\"fusion-column-wrapper fusion-column-has-shadow fusion-flex-justify-content-flex-end fusion-content-layout-column\"><div class=\"fusion-image-element \" style=\"--awb-caption-title-font-family:var(--h2_typography-font-family);--awb-caption-title-font-weight:var(--h2_typography-font-weight);--awb-caption-title-font-style:var(--h2_typography-font-style);--awb-caption-title-size:var(--h2_typography-font-size);--awb-caption-title-transform:var(--h2_typography-text-transform);--awb-caption-title-line-height:var(--h2_typography-line-height);--awb-caption-title-letter-spacing:var(--h2_typography-letter-spacing);\"><span class=\" fusion-imageframe imageframe-none imageframe-1 hover-type-none\"><img decoding=\"async\" width=\"750\" height=\"500\" title=\"IBO-Brasil-ok\" src=\"https:\/\/ibo-group.com\/wp-content\/uploads\/IBO-Brasil-ok.webp\" alt class=\"img-responsive wp-image-3273\" srcset=\"https:\/\/ibo-group.com\/wp-content\/uploads\/IBO-Brasil-ok-200x133.webp 200w, https:\/\/ibo-group.com\/wp-content\/uploads\/IBO-Brasil-ok-400x267.webp 400w, https:\/\/ibo-group.com\/wp-content\/uploads\/IBO-Brasil-ok-600x400.webp 600w, https:\/\/ibo-group.com\/wp-content\/uploads\/IBO-Brasil-ok.webp 750w\" sizes=\"(max-width: 640px) 100vw, 600px\" \/><\/span><\/div><\/div><\/div><\/div><\/div>\n","protected":false},"excerpt":{"rendered":"","protected":false},"author":1,"featured_media":3318,"parent":3559,"menu_order":0,"comment_status":"closed","ping_status":"closed","template":"100-width.php","meta":{"footnotes":""},"class_list":["post-3561","page","type-page","status-publish","has-post-thumbnail","hentry"],"yoast_head":"<!-- This site is optimized with the Yoast SEO plugin v27.3 - https:\/\/yoast.com\/product\/yoast-seo-wordpress\/ -->\n<title>IBO Do Brasil Projetos e Disenhos | IBO Group<\/title>\n<meta name=\"description\" content=\"Aimed at the South America automotive market, IBO Do Brasil helps to develop products and production processes close to manufacturing areas.\" \/>\n<meta name=\"robots\" content=\"index, follow, max-snippet:-1, max-image-preview:large, max-video-preview:-1\" \/>\n<link rel=\"canonical\" href=\"https:\/\/ibo-group.com\/en\/automotive-engineers\/ibo-do-brasil\/\" \/>\n<meta property=\"og:locale\" content=\"en_US\" \/>\n<meta property=\"og:type\" content=\"article\" \/>\n<meta property=\"og:title\" content=\"IBO Do Brasil Projetos e Disenhos | IBO Group\" \/>\n<meta property=\"og:description\" content=\"Aimed at the South America automotive market, IBO Do Brasil helps to develop products and production processes close to manufacturing areas.\" \/>\n<meta property=\"og:url\" content=\"https:\/\/ibo-group.com\/en\/automotive-engineers\/ibo-do-brasil\/\" \/>\n<meta property=\"og:site_name\" content=\"Ibo Group - Ingenier\u00eda y dise\u00f1o para automoci\u00f3n\" \/>\n<meta property=\"article:modified_time\" content=\"2022-06-13T09:55:50+00:00\" \/>\n<meta property=\"og:image\" content=\"https:\/\/ibo-group.com\/wp-content\/uploads\/Brasil-3.webp\" \/>\n\t<meta property=\"og:image:width\" content=\"1920\" \/>\n\t<meta property=\"og:image:height\" content=\"287\" \/>\n\t<meta property=\"og:image:type\" content=\"image\/webp\" \/>\n<meta name=\"twitter:card\" content=\"summary_large_image\" \/>\n<meta name=\"twitter:label1\" content=\"Est. reading time\" \/>\n\t<meta name=\"twitter:data1\" content=\"6 minutes\" \/>\n<script type=\"application\/ld+json\" class=\"yoast-schema-graph\">{\"@context\":\"https:\\\/\\\/schema.org\",\"@graph\":[{\"@type\":\"WebPage\",\"@id\":\"https:\\\/\\\/ibo-group.com\\\/en\\\/automotive-engineers\\\/ibo-do-brasil\\\/\",\"url\":\"https:\\\/\\\/ibo-group.com\\\/en\\\/automotive-engineers\\\/ibo-do-brasil\\\/\",\"name\":\"IBO Do Brasil Projetos e Disenhos | IBO Group\",\"isPartOf\":{\"@id\":\"https:\\\/\\\/ibo-group.com\\\/en\\\/#website\"},\"primaryImageOfPage\":{\"@id\":\"https:\\\/\\\/ibo-group.com\\\/en\\\/automotive-engineers\\\/ibo-do-brasil\\\/#primaryimage\"},\"image\":{\"@id\":\"https:\\\/\\\/ibo-group.com\\\/en\\\/automotive-engineers\\\/ibo-do-brasil\\\/#primaryimage\"},\"thumbnailUrl\":\"https:\\\/\\\/ibo-group.com\\\/wp-content\\\/uploads\\\/Brasil-3.webp\",\"datePublished\":\"2021-12-14T17:04:56+00:00\",\"dateModified\":\"2022-06-13T09:55:50+00:00\",\"description\":\"Aimed at the South America automotive market, IBO Do Brasil helps to develop products and production processes close to manufacturing areas.\",\"breadcrumb\":{\"@id\":\"https:\\\/\\\/ibo-group.com\\\/en\\\/automotive-engineers\\\/ibo-do-brasil\\\/#breadcrumb\"},\"inLanguage\":\"en-US\",\"potentialAction\":[{\"@type\":\"ReadAction\",\"target\":[\"https:\\\/\\\/ibo-group.com\\\/en\\\/automotive-engineers\\\/ibo-do-brasil\\\/\"]}]},{\"@type\":\"ImageObject\",\"inLanguage\":\"en-US\",\"@id\":\"https:\\\/\\\/ibo-group.com\\\/en\\\/automotive-engineers\\\/ibo-do-brasil\\\/#primaryimage\",\"url\":\"https:\\\/\\\/ibo-group.com\\\/wp-content\\\/uploads\\\/Brasil-3.webp\",\"contentUrl\":\"https:\\\/\\\/ibo-group.com\\\/wp-content\\\/uploads\\\/Brasil-3.webp\",\"width\":1920,\"height\":287},{\"@type\":\"BreadcrumbList\",\"@id\":\"https:\\\/\\\/ibo-group.com\\\/en\\\/automotive-engineers\\\/ibo-do-brasil\\\/#breadcrumb\",\"itemListElement\":[{\"@type\":\"ListItem\",\"position\":1,\"name\":\"Home\",\"item\":\"https:\\\/\\\/ibo-group.com\\\/en\\\/\"},{\"@type\":\"ListItem\",\"position\":2,\"name\":\"IBO Group\",\"item\":\"https:\\\/\\\/ibo-group.com\\\/en\\\/automotive-engineers\\\/\"},{\"@type\":\"ListItem\",\"position\":3,\"name\":\"IBO do Brasil\"}]},{\"@type\":\"WebSite\",\"@id\":\"https:\\\/\\\/ibo-group.com\\\/en\\\/#website\",\"url\":\"https:\\\/\\\/ibo-group.com\\\/en\\\/\",\"name\":\"Ibo Group - Ingenier\u00eda y dise\u00f1o para automoci\u00f3n\",\"description\":\"Oficina de ingenier\u00eda. Dise\u00f1o, investigaci\u00f3n y desarrollo de componentes; especializados en el sector de la automoci\u00f3n.\",\"potentialAction\":[{\"@type\":\"SearchAction\",\"target\":{\"@type\":\"EntryPoint\",\"urlTemplate\":\"https:\\\/\\\/ibo-group.com\\\/en\\\/?s={search_term_string}\"},\"query-input\":{\"@type\":\"PropertyValueSpecification\",\"valueRequired\":true,\"valueName\":\"search_term_string\"}}],\"inLanguage\":\"en-US\"}]}<\/script>\n<!-- \/ Yoast SEO plugin. -->","yoast_head_json":{"title":"IBO Do Brasil Projetos e Disenhos | IBO Group","description":"Aimed at the South America automotive market, IBO Do Brasil helps to develop products and production processes close to manufacturing areas.","robots":{"index":"index","follow":"follow","max-snippet":"max-snippet:-1","max-image-preview":"max-image-preview:large","max-video-preview":"max-video-preview:-1"},"canonical":"https:\/\/ibo-group.com\/en\/automotive-engineers\/ibo-do-brasil\/","og_locale":"en_US","og_type":"article","og_title":"IBO Do Brasil Projetos e Disenhos | IBO Group","og_description":"Aimed at the South America automotive market, IBO Do Brasil helps to develop products and production processes close to manufacturing areas.","og_url":"https:\/\/ibo-group.com\/en\/automotive-engineers\/ibo-do-brasil\/","og_site_name":"Ibo Group - Ingenier\u00eda y dise\u00f1o para automoci\u00f3n","article_modified_time":"2022-06-13T09:55:50+00:00","og_image":[{"width":1920,"height":287,"url":"https:\/\/ibo-group.com\/wp-content\/uploads\/Brasil-3.webp","type":"image\/webp"}],"twitter_card":"summary_large_image","twitter_misc":{"Est. reading time":"6 minutes"},"schema":{"@context":"https:\/\/schema.org","@graph":[{"@type":"WebPage","@id":"https:\/\/ibo-group.com\/en\/automotive-engineers\/ibo-do-brasil\/","url":"https:\/\/ibo-group.com\/en\/automotive-engineers\/ibo-do-brasil\/","name":"IBO Do Brasil Projetos e Disenhos | IBO Group","isPartOf":{"@id":"https:\/\/ibo-group.com\/en\/#website"},"primaryImageOfPage":{"@id":"https:\/\/ibo-group.com\/en\/automotive-engineers\/ibo-do-brasil\/#primaryimage"},"image":{"@id":"https:\/\/ibo-group.com\/en\/automotive-engineers\/ibo-do-brasil\/#primaryimage"},"thumbnailUrl":"https:\/\/ibo-group.com\/wp-content\/uploads\/Brasil-3.webp","datePublished":"2021-12-14T17:04:56+00:00","dateModified":"2022-06-13T09:55:50+00:00","description":"Aimed at the South America automotive market, IBO Do Brasil helps to develop products and production processes close to manufacturing areas.","breadcrumb":{"@id":"https:\/\/ibo-group.com\/en\/automotive-engineers\/ibo-do-brasil\/#breadcrumb"},"inLanguage":"en-US","potentialAction":[{"@type":"ReadAction","target":["https:\/\/ibo-group.com\/en\/automotive-engineers\/ibo-do-brasil\/"]}]},{"@type":"ImageObject","inLanguage":"en-US","@id":"https:\/\/ibo-group.com\/en\/automotive-engineers\/ibo-do-brasil\/#primaryimage","url":"https:\/\/ibo-group.com\/wp-content\/uploads\/Brasil-3.webp","contentUrl":"https:\/\/ibo-group.com\/wp-content\/uploads\/Brasil-3.webp","width":1920,"height":287},{"@type":"BreadcrumbList","@id":"https:\/\/ibo-group.com\/en\/automotive-engineers\/ibo-do-brasil\/#breadcrumb","itemListElement":[{"@type":"ListItem","position":1,"name":"Home","item":"https:\/\/ibo-group.com\/en\/"},{"@type":"ListItem","position":2,"name":"IBO Group","item":"https:\/\/ibo-group.com\/en\/automotive-engineers\/"},{"@type":"ListItem","position":3,"name":"IBO do Brasil"}]},{"@type":"WebSite","@id":"https:\/\/ibo-group.com\/en\/#website","url":"https:\/\/ibo-group.com\/en\/","name":"Ibo Group - Ingenier\u00eda y dise\u00f1o para automoci\u00f3n","description":"Oficina de ingenier\u00eda. Dise\u00f1o, investigaci\u00f3n y desarrollo de componentes; especializados en el sector de la automoci\u00f3n.","potentialAction":[{"@type":"SearchAction","target":{"@type":"EntryPoint","urlTemplate":"https:\/\/ibo-group.com\/en\/?s={search_term_string}"},"query-input":{"@type":"PropertyValueSpecification","valueRequired":true,"valueName":"search_term_string"}}],"inLanguage":"en-US"}]}},"_links":{"self":[{"href":"https:\/\/ibo-group.com\/en\/wp-json\/wp\/v2\/pages\/3561","targetHints":{"allow":["GET"]}}],"collection":[{"href":"https:\/\/ibo-group.com\/en\/wp-json\/wp\/v2\/pages"}],"about":[{"href":"https:\/\/ibo-group.com\/en\/wp-json\/wp\/v2\/types\/page"}],"author":[{"embeddable":true,"href":"https:\/\/ibo-group.com\/en\/wp-json\/wp\/v2\/users\/1"}],"replies":[{"embeddable":true,"href":"https:\/\/ibo-group.com\/en\/wp-json\/wp\/v2\/comments?post=3561"}],"version-history":[{"count":0,"href":"https:\/\/ibo-group.com\/en\/wp-json\/wp\/v2\/pages\/3561\/revisions"}],"up":[{"embeddable":true,"href":"https:\/\/ibo-group.com\/en\/wp-json\/wp\/v2\/pages\/3559"}],"wp:featuredmedia":[{"embeddable":true,"href":"https:\/\/ibo-group.com\/en\/wp-json\/wp\/v2\/media\/3318"}],"wp:attachment":[{"href":"https:\/\/ibo-group.com\/en\/wp-json\/wp\/v2\/media?parent=3561"}],"curies":[{"name":"wp","href":"https:\/\/api.w.org\/{rel}","templated":true}]}}